{"id":500,"date":"2025-08-28T16:43:25","date_gmt":"2025-08-28T16:43:25","guid":{"rendered":"https:\/\/agadircarsrental.com\/?page_id=500"},"modified":"2026-04-12T14:31:56","modified_gmt":"2026-04-12T14:31:56","slug":"terms-conditions","status":"publish","type":"page","link":"https:\/\/agadircarsrental.com\/fr\/terms-conditions\/","title":{"rendered":"Conditions g\u00e9n\u00e9rales"},"content":{"rendered":"<div data-elementor-type=\"wp-page\" data-elementor-id=\"500\" class=\"elementor elementor-500\" data-elementor-post-type=\"page\">\n\t\t\t\t<div class=\"elementor-element elementor-element-ddfde3f e-flex e-con-boxed e-con e-parent\" data-id=\"ddfde3f\" data-element_type=\"container\" data-e-type=\"container\">\n\t\t\t\t\t<div class=\"e-con-inner\">\n\t\t\t\t<div class=\"elementor-element elementor-element-ba117e9 elementor-widget elementor-widget-spacer\" data-id=\"ba117e9\" data-element_type=\"widget\" data-e-type=\"widget\" data-widget_type=\"spacer.default\">\n\t\t\t\t\t\t\t<div class=\"elementor-spacer\">\n\t\t\t<div class=\"elementor-spacer-inner\"><\/div>\n\t\t<\/div>\n\t\t\t\t\t\t<\/div>\n\t\t\t\t\t<\/div>\n\t\t\t\t<\/div>\n\t\t<div class=\"elementor-element elementor-element-cc96cd5 e-flex e-con-boxed e-con e-parent\" data-id=\"cc96cd5\" data-element_type=\"container\" data-e-type=\"container\">\n\t\t\t\t\t<div class=\"e-con-inner\">\n\t\t<div class=\"elementor-element elementor-element-a736a6d e-con-full e-flex e-con e-child\" data-id=\"a736a6d\" data-element_type=\"container\" data-e-type=\"container\" data-settings=\"{&quot;background_background&quot;:&quot;slideshow&quot;,&quot;background_slideshow_gallery&quot;:[{&quot;id&quot;:377,&quot;url&quot;:&quot;https:\\\/\\\/agadircarsrental.com\\\/wp-content\\\/uploads\\\/2025\\\/08\\\/banner-all-pages.png&quot;}],&quot;background_slideshow_loop&quot;:&quot;yes&quot;,&quot;background_slideshow_slide_duration&quot;:5000,&quot;background_slideshow_slide_transition&quot;:&quot;fade&quot;,&quot;background_slideshow_transition_duration&quot;:500}\">\n\t\t\t\t<div class=\"elementor-element elementor-element-b23f782 elementor-widget elementor-widget-heading\" data-id=\"b23f782\" data-element_type=\"widget\" data-e-type=\"widget\" data-widget_type=\"heading.default\">\n\t\t\t\t\t<h2 class=\"elementor-heading-title elementor-size-default\">Conditions d'utilisation<\/h2>\t\t\t\t<\/div>\n\t\t\t\t<\/div>\n\t\t\t\t\t<\/div>\n\t\t\t\t<\/div>\n\t\t<div class=\"elementor-element elementor-element-9206201 e-flex e-con-boxed e-con e-parent\" data-id=\"9206201\" data-element_type=\"container\" data-e-type=\"container\">\n\t\t\t\t\t<div class=\"e-con-inner\">\n\t\t\t\t<div class=\"elementor-element elementor-element-211c7ce elementor-widget elementor-widget-text-editor\" data-id=\"211c7ce\" data-element_type=\"widget\" data-e-type=\"widget\" data-widget_type=\"text-editor.default\">\n\t\t\t\t\t\t\t\t\t<p class=\"translation-block\">Bienvenue sur <strong data-start=\"\u00ab\" data-end=\"\u00ab\">RideOn<\/strong>. Les pr\u00e9sentes conditions d'utilisation (\u00ab Conditions \u00bb) r\u00e9gissent votre acc\u00e8s et votre utilisation de notre site web, <strong data-start=\"\u201c515\u201d\" data-end=\"\u00ab\">agadircarsrental.com<\/strong>. En utilisant ce site, vous acceptez d'\u00eatre li\u00e9 par les pr\u00e9sentes Conditions. Si vous n'acceptez pas ces conditions, veuillez ne pas utiliser le site web.<\/p>\t\t\t\t\t\t\t\t<\/div>\n\t\t\t\t\t<\/div>\n\t\t\t\t<\/div>\n\t\t<div class=\"elementor-element elementor-element-687f2d2 e-flex e-con-boxed e-con e-parent\" data-id=\"687f2d2\" data-element_type=\"container\" data-e-type=\"container\">\n\t\t\t\t\t<div class=\"e-con-inner\">\n\t\t\t\t<div class=\"elementor-element elementor-element-58b9380 elementor-widget elementor-widget-heading\" data-id=\"58b9380\" data-element_type=\"widget\" data-e-type=\"widget\" data-widget_type=\"heading.default\">\n\t\t\t\t\t<h2 class=\"elementor-heading-title elementor-size-default\">1. Utilisation du site Web<\/h2>\t\t\t\t<\/div>\n\t\t\t\t\t<\/div>\n\t\t\t\t<\/div>\n\t\t<div class=\"elementor-element elementor-element-873522f e-flex e-con-boxed e-con e-parent\" data-id=\"873522f\" data-element_type=\"container\" data-e-type=\"container\">\n\t\t\t\t\t<div class=\"e-con-inner\">\n\t\t\t\t<div class=\"elementor-element elementor-element-b71233f elementor-widget elementor-widget-text-editor\" data-id=\"b71233f\" data-element_type=\"widget\" data-e-type=\"widget\" data-widget_type=\"text-editor.default\">\n\t\t\t\t\t\t\t\t\t<p>Vous acceptez d'utiliser ce site Web uniquement \u00e0 des fins l\u00e9gales et d'une mani\u00e8re qui ne porte pas atteinte aux droits d'autrui ni ne restreint leur utilisation du site. Vous ne pouvez pas utiliser le site Web pour diffuser du contenu pr\u00e9judiciable, vous livrer \u00e0 des activit\u00e9s ill\u00e9gales ou nuire \u00e0 la s\u00e9curit\u00e9 ou au fonctionnement du site.<\/p>\t\t\t\t\t\t\t\t<\/div>\n\t\t\t\t\t<\/div>\n\t\t\t\t<\/div>\n\t\t<div class=\"elementor-element elementor-element-3ee5ac5 e-flex e-con-boxed e-con e-parent\" data-id=\"3ee5ac5\" data-element_type=\"container\" data-e-type=\"container\">\n\t\t\t\t\t<div class=\"e-con-inner\">\n\t\t\t\t<div class=\"elementor-element elementor-element-680dfbc elementor-widget elementor-widget-heading\" data-id=\"680dfbc\" data-element_type=\"widget\" data-e-type=\"widget\" data-widget_type=\"heading.default\">\n\t\t\t\t\t<h2 class=\"elementor-heading-title elementor-size-default\">2. Propri\u00e9t\u00e9 intellectuelle<\/h2>\t\t\t\t<\/div>\n\t\t\t\t\t<\/div>\n\t\t\t\t<\/div>\n\t\t<div class=\"elementor-element elementor-element-a16645e e-flex e-con-boxed e-con e-parent\" data-id=\"a16645e\" data-element_type=\"container\" data-e-type=\"container\">\n\t\t\t\t\t<div class=\"e-con-inner\">\n\t\t\t\t<div class=\"elementor-element elementor-element-6dbdb54 elementor-widget elementor-widget-text-editor\" data-id=\"6dbdb54\" data-element_type=\"widget\" data-e-type=\"widget\" data-widget_type=\"text-editor.default\">\n\t\t\t\t\t\t\t\t\t<p data-start=\"1009\" data-end=\"1334\" class=\"translation-block\">Tout le contenu du site <strong data-start=\"\u00ab\" data-end=\"\u00ab\">agadircarsrental.com<\/strong>, y compris les textes, logos, images et mise en page, est la propri\u00e9t\u00e9 de <strong data-start=\"\u201c1112\u201d\" data-end=\"\u00ab\">RideOn<\/strong> ou de ses fournisseurs de contenu et est prot\u00e9g\u00e9 par les lois sur les droits d'auteur, les marques commerciales et autres lois sur la propri\u00e9t\u00e9 intellectuelle. Vous ne pouvez reproduire, modifier ou distribuer aucun contenu du site sans autorisation \u00e9crite pr\u00e9alable.<\/p><h3 data-start=\"1336\" data-end=\"1369\">\u00a0<\/h3>\t\t\t\t\t\t\t\t<\/div>\n\t\t\t\t\t<\/div>\n\t\t\t\t<\/div>\n\t\t<div class=\"elementor-element elementor-element-975013a e-flex e-con-boxed e-con e-parent\" data-id=\"975013a\" data-element_type=\"container\" data-e-type=\"container\">\n\t\t\t\t\t<div class=\"e-con-inner\">\n\t\t\t\t<div class=\"elementor-element elementor-element-9d02c3b elementor-widget elementor-widget-heading\" data-id=\"9d02c3b\" data-element_type=\"widget\" data-e-type=\"widget\" data-widget_type=\"heading.default\">\n\t\t\t\t\t<h2 class=\"elementor-heading-title elementor-size-default\">3. Conditions de r\u00e9servation et de location<\/h2>\t\t\t\t<\/div>\n\t\t\t\t\t<\/div>\n\t\t\t\t<\/div>\n\t\t<div class=\"elementor-element elementor-element-6974fcc e-flex e-con-boxed e-con e-parent\" data-id=\"6974fcc\" data-element_type=\"container\" data-e-type=\"container\">\n\t\t\t\t\t<div class=\"e-con-inner\">\n\t\t\t\t<div class=\"elementor-element elementor-element-c2d5bc6 elementor-widget elementor-widget-text-editor\" data-id=\"c2d5bc6\" data-element_type=\"widget\" data-e-type=\"widget\" data-widget_type=\"text-editor.default\">\n\t\t\t\t\t\t\t\t\t<p data-start=\"1370\" data-end=\"1686\" class=\"translation-block\">R\u00e9servations de location de voitures (y compris <em data-start=\"\u201d1401\u201c\" data-end=\"\u201d1420\u201c\">location de voitures \u00e0 Agadir<\/em>, location de voiture \u00e0 l'a\u00e9roport d'Agadir ou location de voiture \u00e0 l'a\u00e9roport d'Agadir au Maroc) effectu\u00e9es via ce site Web sont soumises \u00e0 des conditions g\u00e9n\u00e9rales de location distinctes, qui vous seront fournies lors du processus de r\u00e9servation. Veuillez lire attentivement ces conditions avant de confirmer toute location.<\/p><h3 data-start=\"1688\" data-end=\"1719\">\u00a0<\/h3>\t\t\t\t\t\t\t\t<\/div>\n\t\t\t\t\t<\/div>\n\t\t\t\t<\/div>\n\t\t<div class=\"elementor-element elementor-element-aaf4a81 e-flex e-con-boxed e-con e-parent\" data-id=\"aaf4a81\" data-element_type=\"container\" data-e-type=\"container\">\n\t\t\t\t\t<div class=\"e-con-inner\">\n\t\t\t\t<div class=\"elementor-element elementor-element-654586a elementor-widget elementor-widget-heading\" data-id=\"654586a\" data-element_type=\"widget\" data-e-type=\"widget\" data-widget_type=\"heading.default\">\n\t\t\t\t\t<h2 class=\"elementor-heading-title elementor-size-default\">4. Contenu g\u00e9n\u00e9r\u00e9 par les utilisateurs<\/h2>\t\t\t\t<\/div>\n\t\t\t\t\t<\/div>\n\t\t\t\t<\/div>\n\t\t<div class=\"elementor-element elementor-element-77ff3f7 e-flex e-con-boxed e-con e-parent\" data-id=\"77ff3f7\" data-element_type=\"container\" data-e-type=\"container\">\n\t\t\t\t\t<div class=\"e-con-inner\">\n\t\t\t\t<div class=\"elementor-element elementor-element-1fea581 elementor-widget elementor-widget-text-editor\" data-id=\"1fea581\" data-element_type=\"widget\" data-e-type=\"widget\" data-widget_type=\"text-editor.default\">\n\t\t\t\t\t\t\t\t\t<p data-start=\"1720\" data-end=\"1999\" class=\"translation-block\">Si vous soumettez des avis, des t\u00e9moignages ou tout autre contenu sur le site, vous accordez \u00e0 <strong data-start=\"\u00ab\" data-end=\"\u00ab\">RideOn<\/strong> une licence non exclusive, libre de droits et mondiale pour utiliser, reproduire et afficher ce contenu. Vous acceptez que votre contenu ne soit pas ill\u00e9gal, abusif ou ne porte pas atteinte aux droits d'autrui.<\/p><h3 data-start=\"2001\" data-end=\"2024\">\u00a0<\/h3>\t\t\t\t\t\t\t\t<\/div>\n\t\t\t\t\t<\/div>\n\t\t\t\t<\/div>\n\t\t<div class=\"elementor-element elementor-element-73d12b2 e-flex e-con-boxed e-con e-parent\" data-id=\"73d12b2\" data-element_type=\"container\" data-e-type=\"container\">\n\t\t\t\t\t<div class=\"e-con-inner\">\n\t\t\t\t<div class=\"elementor-element elementor-element-e526672 elementor-widget elementor-widget-heading\" data-id=\"e526672\" data-element_type=\"widget\" data-e-type=\"widget\" data-widget_type=\"heading.default\">\n\t\t\t\t\t<h2 class=\"elementor-heading-title elementor-size-default\">5. Liens externes<\/h2>\t\t\t\t<\/div>\n\t\t\t\t\t<\/div>\n\t\t\t\t<\/div>\n\t\t<div class=\"elementor-element elementor-element-f8c3f6d e-flex e-con-boxed e-con e-parent\" data-id=\"f8c3f6d\" data-element_type=\"container\" data-e-type=\"container\">\n\t\t\t\t\t<div class=\"e-con-inner\">\n\t\t\t\t<div class=\"elementor-element elementor-element-419e4cb elementor-widget elementor-widget-text-editor\" data-id=\"419e4cb\" data-element_type=\"widget\" data-e-type=\"widget\" data-widget_type=\"text-editor.default\">\n\t\t\t\t\t\t\t\t\t<p data-start=\"2025\" data-end=\"2228\" class=\"translation-block\">Ce site peut contenir des liens vers des sites Web tiers pour votre commodit\u00e9. <strong data-start=\"\u00ab\" data-end=\"\u00ab\">RideOn<\/strong> n'est pas responsable du contenu ou des pratiques de confidentialit\u00e9 de ces sites. Vous visitez les liens externes \u00e0 vos propres risques.<\/p><h3 data-start=\"2230\" data-end=\"2263\">\u00a0<\/h3>\t\t\t\t\t\t\t\t<\/div>\n\t\t\t\t\t<\/div>\n\t\t\t\t<\/div>\n\t\t<div class=\"elementor-element elementor-element-69e6745 e-flex e-con-boxed e-con e-parent\" data-id=\"69e6745\" data-element_type=\"container\" data-e-type=\"container\">\n\t\t\t\t\t<div class=\"e-con-inner\">\n\t\t\t\t<div class=\"elementor-element elementor-element-e10fa7c elementor-widget elementor-widget-heading\" data-id=\"e10fa7c\" data-element_type=\"widget\" data-e-type=\"widget\" data-widget_type=\"heading.default\">\n\t\t\t\t\t<h2 class=\"elementor-heading-title elementor-size-default\">6. Exclusion de garanties<\/h2>\t\t\t\t<\/div>\n\t\t\t\t\t<\/div>\n\t\t\t\t<\/div>\n\t\t<div class=\"elementor-element elementor-element-9da31a2 e-flex e-con-boxed e-con e-parent\" data-id=\"9da31a2\" data-element_type=\"container\" data-e-type=\"container\">\n\t\t\t\t\t<div class=\"e-con-inner\">\n\t\t\t\t<div class=\"elementor-element elementor-element-eb96252 elementor-widget elementor-widget-text-editor\" data-id=\"eb96252\" data-element_type=\"widget\" data-e-type=\"widget\" data-widget_type=\"text-editor.default\">\n\t\t\t\t\t\t\t\t\t<p data-start=\"2264\" data-end=\"2441\" class=\"translation-block\"><strong data-start=\"\u00ab\" data-end=\"\u00ab\">RideOn<\/strong> fournit ce site \u00ab tel quel \u00bb, sans aucune garantie, expresse ou implicite. Nous ne garantissons pas l'exactitude, la fiabilit\u00e9 ou la disponibilit\u00e9 du site Web ou de son contenu.<\/p><h3 data-start=\"2443\" data-end=\"2475\">\u00a0<\/h3>\t\t\t\t\t\t\t\t<\/div>\n\t\t\t\t\t<\/div>\n\t\t\t\t<\/div>\n\t\t<div class=\"elementor-element elementor-element-4e7879e e-flex e-con-boxed e-con e-parent\" data-id=\"4e7879e\" data-element_type=\"container\" data-e-type=\"container\">\n\t\t\t\t\t<div class=\"e-con-inner\">\n\t\t\t\t<div class=\"elementor-element elementor-element-d793d20 elementor-widget elementor-widget-heading\" data-id=\"d793d20\" data-element_type=\"widget\" data-e-type=\"widget\" data-widget_type=\"heading.default\">\n\t\t\t\t\t<h2 class=\"elementor-heading-title elementor-size-default\">7. Limitation de responsabilit\u00e9<\/h2>\t\t\t\t<\/div>\n\t\t\t\t\t<\/div>\n\t\t\t\t<\/div>\n\t\t<div class=\"elementor-element elementor-element-5e16558 e-flex e-con-boxed e-con e-parent\" data-id=\"5e16558\" data-element_type=\"container\" data-e-type=\"container\">\n\t\t\t\t\t<div class=\"e-con-inner\">\n\t\t\t\t<div class=\"elementor-element elementor-element-edc396c elementor-widget elementor-widget-text-editor\" data-id=\"edc396c\" data-element_type=\"widget\" data-e-type=\"widget\" data-widget_type=\"text-editor.default\">\n\t\t\t\t\t\t\t\t\t<p data-start=\"2476\" data-end=\"2704\" class=\"translation-block\">Dans toute la mesure permise par la loi, <strong data-start=\"\u00ab\" data-end=\"\u00ab\">RideOn<\/strong> n'est pas responsable des dommages directs, indirects ou accessoires r\u00e9sultant de votre utilisation ou de votre incapacit\u00e9 \u00e0 utiliser ce site, y compris, mais sans s'y limiter, les erreurs, les retards ou les pertes de donn\u00e9es.<\/p><h3 data-start=\"2706\" data-end=\"2737\">\u00a0<\/h3>\t\t\t\t\t\t\t\t<\/div>\n\t\t\t\t\t<\/div>\n\t\t\t\t<\/div>\n\t\t<div class=\"elementor-element elementor-element-95c9803 e-flex e-con-boxed e-con e-parent\" data-id=\"95c9803\" data-element_type=\"container\" data-e-type=\"container\">\n\t\t\t\t\t<div class=\"e-con-inner\">\n\t\t\t\t<div class=\"elementor-element elementor-element-0c4e442 elementor-widget elementor-widget-heading\" data-id=\"0c4e442\" data-element_type=\"widget\" data-e-type=\"widget\" data-widget_type=\"heading.default\">\n\t\t\t\t\t<h2 class=\"elementor-heading-title elementor-size-default\">8. Modifications apport\u00e9es aux pr\u00e9sentes conditions<\/h2>\t\t\t\t<\/div>\n\t\t\t\t\t<\/div>\n\t\t\t\t<\/div>\n\t\t<div class=\"elementor-element elementor-element-bf1d4c4 e-flex e-con-boxed e-con e-parent\" data-id=\"bf1d4c4\" data-element_type=\"container\" data-e-type=\"container\">\n\t\t\t\t\t<div class=\"e-con-inner\">\n\t\t\t\t<div class=\"elementor-element elementor-element-975dc04 elementor-widget elementor-widget-text-editor\" data-id=\"975dc04\" data-element_type=\"widget\" data-e-type=\"widget\" data-widget_type=\"text-editor.default\">\n\t\t\t\t\t\t\t\t\t<p data-start=\"2738\" data-end=\"2957\">Nous pouvons mettre \u00e0 jour les pr\u00e9sentes Conditions \u00e0 tout moment. Le cas \u00e9ch\u00e9ant, la version mise \u00e0 jour sera publi\u00e9e sur cette page avec une nouvelle date d'entr\u00e9e en vigueur. En continuant \u00e0 utiliser le site apr\u00e8s la publication des modifications, vous acceptez les Conditions mises \u00e0 jour.<\/p><h3 data-start=\"2959\" data-end=\"2979\">\u00a0<\/h3>\t\t\t\t\t\t\t\t<\/div>\n\t\t\t\t\t<\/div>\n\t\t\t\t<\/div>\n\t\t<div class=\"elementor-element elementor-element-500d693 e-flex e-con-boxed e-con e-parent\" data-id=\"500d693\" data-element_type=\"container\" data-e-type=\"container\">\n\t\t\t\t\t<div class=\"e-con-inner\">\n\t\t\t\t<div class=\"elementor-element elementor-element-e77cebd elementor-widget elementor-widget-heading\" data-id=\"e77cebd\" data-element_type=\"widget\" data-e-type=\"widget\" data-widget_type=\"heading.default\">\n\t\t\t\t\t<h2 class=\"elementor-heading-title elementor-size-default\">9. R\u00e9siliation<\/h2>\t\t\t\t<\/div>\n\t\t\t\t\t<\/div>\n\t\t\t\t<\/div>\n\t\t<div class=\"elementor-element elementor-element-315ae90 e-flex e-con-boxed e-con e-parent\" data-id=\"315ae90\" data-element_type=\"container\" data-e-type=\"container\">\n\t\t\t\t\t<div class=\"e-con-inner\">\n\t\t\t\t<div class=\"elementor-element elementor-element-379e0fc elementor-widget elementor-widget-text-editor\" data-id=\"379e0fc\" data-element_type=\"widget\" data-e-type=\"widget\" data-widget_type=\"text-editor.default\">\n\t\t\t\t\t\t\t\t\t<p data-start=\"2980\" data-end=\"3129\">Nous nous r\u00e9servons le droit de restreindre ou de r\u00e9silier votre acc\u00e8s au site Web si nous estimons que vous avez enfreint les pr\u00e9sentes Conditions ou adopt\u00e9 un comportement pr\u00e9judiciable.<\/p><h3 data-start=\"3131\" data-end=\"3154\">\u00a0<\/h3>\t\t\t\t\t\t\t\t<\/div>\n\t\t\t\t\t<\/div>\n\t\t\t\t<\/div>\n\t\t<div class=\"elementor-element elementor-element-41d688c e-flex e-con-boxed e-con e-parent\" data-id=\"41d688c\" data-element_type=\"container\" data-e-type=\"container\">\n\t\t\t\t\t<div class=\"e-con-inner\">\n\t\t\t\t<div class=\"elementor-element elementor-element-ebb1a3b elementor-widget elementor-widget-heading\" data-id=\"ebb1a3b\" data-element_type=\"widget\" data-e-type=\"widget\" data-widget_type=\"heading.default\">\n\t\t\t\t\t<h2 class=\"elementor-heading-title elementor-size-default\">10. Droit applicable<\/h2>\t\t\t\t<\/div>\n\t\t\t\t\t<\/div>\n\t\t\t\t<\/div>\n\t\t<div class=\"elementor-element elementor-element-6a7e6b8 e-flex e-con-boxed e-con e-parent\" data-id=\"6a7e6b8\" data-element_type=\"container\" data-e-type=\"container\">\n\t\t\t\t\t<div class=\"e-con-inner\">\n\t\t\t\t<div class=\"elementor-element elementor-element-1f09473 elementor-widget elementor-widget-text-editor\" data-id=\"1f09473\" data-element_type=\"widget\" data-e-type=\"widget\" data-widget_type=\"text-editor.default\">\n\t\t\t\t\t\t\t\t\t<p data-start=\"3155\" data-end=\"3333\">Les pr\u00e9sentes conditions sont r\u00e9gies par le droit marocain. Tout litige d\u00e9coulant de votre utilisation du site sera soumis \u00e0 la comp\u00e9tence exclusive des tribunaux situ\u00e9s \u00e0 Agadir.<\/p>\t\t\t\t\t\t\t\t<\/div>\n\t\t\t\t\t<\/div>\n\t\t\t\t<\/div>\n\t\t<div class=\"elementor-element elementor-element-974cbad e-flex e-con-boxed e-con e-parent\" data-id=\"974cbad\" data-element_type=\"container\" data-e-type=\"container\">\n\t\t\t\t\t<div class=\"e-con-inner\">\n\t\t\t\t<div class=\"elementor-element elementor-element-1485068 elementor-widget elementor-widget-heading\" data-id=\"1485068\" data-element_type=\"widget\" data-e-type=\"widget\" data-widget_type=\"heading.default\">\n\t\t\t\t\t<h2 class=\"elementor-heading-title elementor-size-default\">11. Contact<\/h2>\t\t\t\t<\/div>\n\t\t\t\t\t<\/div>\n\t\t\t\t<\/div>\n\t\t<div class=\"elementor-element elementor-element-456f118 e-flex e-con-boxed e-con e-parent\" data-id=\"456f118\" data-element_type=\"container\" data-e-type=\"container\">\n\t\t\t\t\t<div class=\"e-con-inner\">\n\t\t\t\t<div class=\"elementor-element elementor-element-91d4eb8 elementor-widget elementor-widget-text-editor\" data-id=\"91d4eb8\" data-element_type=\"widget\" data-e-type=\"widget\" data-widget_type=\"text-editor.default\">\n\t\t\t\t\t\t\t\t\t<p class=\"translation-block\">Si vous avez des questions ou des pr\u00e9occupations concernant les pr\u00e9sentes Conditions, vous pouvez nous contacter \u00e0 l'adresse suivante :<br><span style=\"text-decoration: underline\"><strong>contact@agadircarsrental.com<\/strong><\/span><\/p>\t\t\t\t\t\t\t\t<\/div>\n\t\t\t\t\t<\/div>\n\t\t\t\t<\/div>\n\t\t<div class=\"elementor-element elementor-element-0f1185e e-flex e-con-boxed e-con e-parent\" data-id=\"0f1185e\" data-element_type=\"container\" data-e-type=\"container\">\n\t\t\t\t\t<div class=\"e-con-inner\">\n\t\t\t\t<div class=\"elementor-element elementor-element-d73f560 elementor-widget elementor-widget-html\" data-id=\"d73f560\" data-element_type=\"widget\" data-e-type=\"widget\" data-widget_type=\"html.default\">\n\t\t\t\t\t<a href=\"https:\/\/agadircarsrental.com\/fr\/\" class=\"brand-badge\">\r\n  <img decoding=\"async\" src=\"https:\/\/agadircarsrental.com\/wp-content\/uploads\/2025\/08\/RideOn-Car-Rental-AGADIR-4.webp\" alt=\"RideOn Logo\">\r\n<\/a>\r\n\r\n<style>\r\n.brand-badge {\r\n  display: inline-flex;\r\n  align-items: center;\r\n  background: #ad2184;\r\n  padding: 7px 16px;\r\n  border-radius: 30px;\r\n  box-shadow: 0 3px 10px rgba(0,0,0,0.15);\r\n  text-decoration: none;\r\n  transition: background 0.3s ease, color 0.3s ease;\r\n}\r\n\r\n.brand-badge:hover {\r\n  background: #c29b4e;\r\n  color: #370a34;\r\n}\r\n\r\n.brand-badge img {\r\n  height: 28px;\r\n  width: auto;\r\n  object-fit: contain;\r\n}\r\n<\/style>\t\t\t\t<\/div>\n\t\t\t\t\t<\/div>\n\t\t\t\t<\/div>\n\t\t\t\t<\/div>","protected":false},"excerpt":{"rendered":"<p>Terms of Use Welcome to RideOn. These Terms of Use (\u201cTerms\u201d) govern your access to and use of our website, agadircarsrental.com. By using this site, you agree to be bound by these Terms. If you do not agree, please do not use the website. 1. Use of the Website You agree to use this website [&hellip;]<\/p>","protected":false},"author":1,"featured_media":0,"parent":0,"menu_order":0,"comment_status":"closed","ping_status":"closed","template":"","meta":{"_monsterinsights_skip_tracking":false,"_monsterinsights_sitenote_active":false,"_monsterinsights_sitenote_note":"","_monsterinsights_sitenote_category":0,"footnotes":""},"class_list":["post-500","page","type-page","status-publish","hentry"],"_links":{"self":[{"href":"https:\/\/agadircarsrental.com\/fr\/wp-json\/wp\/v2\/pages\/500","targetHints":{"allow":["GET"]}}],"collection":[{"href":"https:\/\/agadircarsrental.com\/fr\/wp-json\/wp\/v2\/pages"}],"about":[{"href":"https:\/\/agadircarsrental.com\/fr\/wp-json\/wp\/v2\/types\/page"}],"author":[{"embeddable":true,"href":"https:\/\/agadircarsrental.com\/fr\/wp-json\/wp\/v2\/users\/1"}],"replies":[{"embeddable":true,"href":"https:\/\/agadircarsrental.com\/fr\/wp-json\/wp\/v2\/comments?post=500"}],"version-history":[{"count":28,"href":"https:\/\/agadircarsrental.com\/fr\/wp-json\/wp\/v2\/pages\/500\/revisions"}],"predecessor-version":[{"id":1923,"href":"https:\/\/agadircarsrental.com\/fr\/wp-json\/wp\/v2\/pages\/500\/revisions\/1923"}],"wp:attachment":[{"href":"https:\/\/agadircarsrental.com\/fr\/wp-json\/wp\/v2\/media?parent=500"}],"curies":[{"name":"wp","href":"https:\/\/api.w.org\/{rel}","templated":true}]}}