{"id":3,"date":"2025-08-25T15:29:55","date_gmt":"2025-08-25T15:29:55","guid":{"rendered":"https:\/\/agadircarsrental.com\/?page_id=3"},"modified":"2026-04-12T14:32:41","modified_gmt":"2026-04-12T14:32:41","slug":"privacy-policy","status":"publish","type":"page","link":"https:\/\/agadircarsrental.com\/fr\/privacy-policy\/","title":{"rendered":"Confidentialit\u00e9"},"content":{"rendered":"<div data-elementor-type=\"wp-page\" data-elementor-id=\"3\" class=\"elementor elementor-3\" data-elementor-post-type=\"page\">\n\t\t\t\t<div class=\"elementor-element elementor-element-463f067 e-flex e-con-boxed e-con e-parent\" data-id=\"463f067\" data-element_type=\"container\" data-e-type=\"container\">\n\t\t\t\t\t<div class=\"e-con-inner\">\n\t\t\t\t<div class=\"elementor-element elementor-element-96be302 elementor-widget elementor-widget-spacer\" data-id=\"96be302\" data-element_type=\"widget\" data-e-type=\"widget\" data-widget_type=\"spacer.default\">\n\t\t\t\t\t\t\t<div class=\"elementor-spacer\">\n\t\t\t<div class=\"elementor-spacer-inner\"><\/div>\n\t\t<\/div>\n\t\t\t\t\t\t<\/div>\n\t\t\t\t\t<\/div>\n\t\t\t\t<\/div>\n\t\t<div class=\"elementor-element elementor-element-97b3968 e-flex e-con-boxed e-con e-parent\" data-id=\"97b3968\" data-element_type=\"container\" data-e-type=\"container\">\n\t\t\t\t\t<div class=\"e-con-inner\">\n\t\t<div class=\"elementor-element elementor-element-06c2b67 e-con-full e-flex e-con e-child\" data-id=\"06c2b67\" data-element_type=\"container\" data-e-type=\"container\" data-settings=\"{&quot;background_background&quot;:&quot;slideshow&quot;,&quot;background_slideshow_gallery&quot;:[{&quot;id&quot;:377,&quot;url&quot;:&quot;https:\\\/\\\/agadircarsrental.com\\\/wp-content\\\/uploads\\\/2025\\\/08\\\/banner-all-pages.png&quot;}],&quot;background_slideshow_loop&quot;:&quot;yes&quot;,&quot;background_slideshow_slide_duration&quot;:5000,&quot;background_slideshow_slide_transition&quot;:&quot;fade&quot;,&quot;background_slideshow_transition_duration&quot;:500}\">\n\t\t\t\t<div class=\"elementor-element elementor-element-9ad8f46 elementor-widget elementor-widget-heading\" data-id=\"9ad8f46\" data-element_type=\"widget\" data-e-type=\"widget\" data-widget_type=\"heading.default\">\n\t\t\t\t\t<h2 class=\"elementor-heading-title elementor-size-default\">Confidentialit\u00e9<\/h2>\t\t\t\t<\/div>\n\t\t\t\t<\/div>\n\t\t\t\t\t<\/div>\n\t\t\t\t<\/div>\n\t\t<div class=\"elementor-element elementor-element-e17116f e-flex e-con-boxed e-con e-parent\" data-id=\"e17116f\" data-element_type=\"container\" data-e-type=\"container\">\n\t\t\t\t\t<div class=\"e-con-inner\">\n\t\t\t\t<div class=\"elementor-element elementor-element-c61fe75 elementor-widget elementor-widget-text-editor\" data-id=\"c61fe75\" data-element_type=\"widget\" data-e-type=\"widget\" data-widget_type=\"text-editor.default\">\n\t\t\t\t\t\t\t\t\t<p data-start=\"466\" data-end=\"819\" class=\"translation-block\">Chez <strong data-start=\"\u00ab\" data-end=\"\u00ab\">RideOn<\/strong>, nous respectons et prot\u00e9geons votre vie priv\u00e9e. La pr\u00e9sente politique de confidentialit\u00e9 explique comment vos informations personnelles sont collect\u00e9es, utilis\u00e9es et prot\u00e9g\u00e9es lorsque vous visitez ou utilisez <strong data-start=\"\u201c635\u201d\" data-end=\"\u00ab\">agadircarsrental.com<\/strong>. En naviguant sur notre site ou en r\u00e9servant un service aupr\u00e8s de nous (tel que <em data-start=\"\u00ab\" data-end=\"\u00ab\">location de voiture \u00e0 Agadir<\/em> ou <em data-start=\"\u201c734\u201d\" data-end=\"\u00ab\">location de voiture \u00e0 l'a\u00e9roport d'Agadir<\/em>), vous acceptez les pratiques d\u00e9crites dans la pr\u00e9sente politique.<\/p>\t\t\t\t\t\t\t\t<\/div>\n\t\t\t\t\t<\/div>\n\t\t\t\t<\/div>\n\t\t<div class=\"elementor-element elementor-element-1163c9e e-flex e-con-boxed e-con e-parent\" data-id=\"1163c9e\" data-element_type=\"container\" data-e-type=\"container\">\n\t\t\t\t\t<div class=\"e-con-inner\">\n\t\t\t\t<div class=\"elementor-element elementor-element-0962b52 elementor-widget elementor-widget-heading\" data-id=\"0962b52\" data-element_type=\"widget\" data-e-type=\"widget\" data-widget_type=\"heading.default\">\n\t\t\t\t\t<h2 class=\"elementor-heading-title elementor-size-default\">1. Informations que nous collectons<\/h2>\t\t\t\t<\/div>\n\t\t\t\t\t<\/div>\n\t\t\t\t<\/div>\n\t\t<div class=\"elementor-element elementor-element-e81ca8c e-flex e-con-boxed e-con e-parent\" data-id=\"e81ca8c\" data-element_type=\"container\" data-e-type=\"container\">\n\t\t\t\t\t<div class=\"e-con-inner\">\n\t\t\t\t<div class=\"elementor-element elementor-element-a1a8e64 elementor-widget elementor-widget-text-editor\" data-id=\"a1a8e64\" data-element_type=\"widget\" data-e-type=\"widget\" data-widget_type=\"text-editor.default\">\n\t\t\t\t\t\t\t\t\t<p data-start=\"853\" data-end=\"919\">Lorsque vous utilisez notre site Web, nous pouvons recueillir les informations suivantes :<\/p><ul data-start=\"920\" data-end=\"1392\"><li data-start=\"920\" data-end=\"1071\"><p data-start=\"922\" data-end=\"1071\" class=\"translation-block\"><strong data-start=\"\u00ab\" data-end=\"\u00ab\">Coordonn\u00e9es<\/strong> : telles que votre nom complet, votre adresse e-mail et votre num\u00e9ro de t\u00e9l\u00e9phone, notamment lorsque vous effectuez une r\u00e9servation ou remplissez un formulaire de demande de renseignements.<\/p><\/li><li data-start=\"1072\" data-end=\"1209\"><p data-start=\"1074\" data-end=\"1209\" class=\"translation-block\"><strong data-start=\"\u00ab\" data-end=\"\u00ab\">D\u00e9tails de la r\u00e9servation<\/strong> : y compris les dates du voyage, le type de v\u00e9hicule, le lieu de prise en charge et de restitution (par exemple, <em data-start=\"\u201c1170\u201d\" data-end=\"\u00ab\">location de voiture \u00e0 l'a\u00e9roport d'Agadir au Maroc<\/em>).<\/p><\/li><li data-start=\"1210\" data-end=\"1310\"><p data-start=\"1212\" data-end=\"1310\" class=\"translation-block\"><strong data-start=\"\u00ab\" data-end=\"\u00ab\">Donn\u00e9es techniques<\/strong> : adresse IP, type de navigateur, pages consult\u00e9es et cookies afin d'am\u00e9liorer les performances.<\/p><\/li><li data-start=\"1311\" data-end=\"1392\"><p data-start=\"1313\" data-end=\"1392\" class=\"translation-block\"><strong data-start=\"\u00ab\" data-end=\"\u00ab\">Donn\u00e9es de communication<\/strong> : messages et correspondance lorsque vous nous contactez.<\/p><\/li><\/ul><p data-start=\"1394\" data-end=\"1469\">Nous ne collectons pas sciemment d'informations aupr\u00e8s d'enfants de moins de 13 ans.<\/p>\t\t\t\t\t\t\t\t<\/div>\n\t\t\t\t\t<\/div>\n\t\t\t\t<\/div>\n\t\t<div class=\"elementor-element elementor-element-52530bb e-flex e-con-boxed e-con e-parent\" data-id=\"52530bb\" data-element_type=\"container\" data-e-type=\"container\">\n\t\t\t\t\t<div class=\"e-con-inner\">\n\t\t\t\t<div class=\"elementor-element elementor-element-b5b1641 elementor-widget elementor-widget-heading\" data-id=\"b5b1641\" data-element_type=\"widget\" data-e-type=\"widget\" data-widget_type=\"heading.default\">\n\t\t\t\t\t<h2 class=\"elementor-heading-title elementor-size-default\">2. Comment nous utilisons vos informations<\/h2>\t\t\t\t<\/div>\n\t\t\t\t\t<\/div>\n\t\t\t\t<\/div>\n\t\t<div class=\"elementor-element elementor-element-0fdefbd e-flex e-con-boxed e-con e-parent\" data-id=\"0fdefbd\" data-element_type=\"container\" data-e-type=\"container\">\n\t\t\t\t\t<div class=\"e-con-inner\">\n\t\t\t\t<div class=\"elementor-element elementor-element-22f0293 elementor-widget elementor-widget-text-editor\" data-id=\"22f0293\" data-element_type=\"widget\" data-e-type=\"widget\" data-widget_type=\"text-editor.default\">\n\t\t\t\t\t\t\t\t\t<p data-start=\"1508\" data-end=\"1581\">Vos donn\u00e9es personnelles sont utilis\u00e9es strictement \u00e0 des fins l\u00e9gitimes, notamment :<\/p><ul data-start=\"1582\" data-end=\"1943\"><li data-start=\"1582\" data-end=\"1656\"><p data-start=\"1584\" data-end=\"1656\" class=\"translation-block\">G\u00e9rer et confirmer votre <em data-start=\"\u00ab\" data-end=\"\u00ab\">location de voiture \u00e0 Agadir<\/em> ou d'autres r\u00e9servations.<\/p><\/li><li data-start=\"1657\" data-end=\"1726\"><p data-start=\"1659\" data-end=\"1726\">R\u00e9pondre aux questions ou demandes via nos canaux de contact.<\/p><\/li><li data-start=\"1727\" data-end=\"1804\"><p data-start=\"1729\" data-end=\"1804\">Enhancing the design, content, and usability of <strong data-start=\"1777\" data-end=\"1801\">agadircarsrental.com<\/strong>.<\/p><\/li><li data-start=\"1805\" data-end=\"1879\"><p data-start=\"1807\" data-end=\"1879\">Am\u00e9lioration de la conception, du contenu et de la convivialit\u00e9 du site <strong data-start=\"\u00ab\" data-end=\"\u00ab\">agadircarsrental.com<\/strong>.<\/p><\/li><li data-start=\"1880\" data-end=\"1943\"><p data-start=\"1882\" data-end=\"1943\">Protection contre la fraude, l'utilisation abusive ou les activit\u00e9s non autoris\u00e9es.<\/p><\/li><\/ul><p data-start=\"1945\" data-end=\"2010\">Nous ne vendrons ni ne louerons jamais vos donn\u00e9es personnelles \u00e0 des tiers.<\/p>\t\t\t\t\t\t\t\t<\/div>\n\t\t\t\t\t<\/div>\n\t\t\t\t<\/div>\n\t\t<div class=\"elementor-element elementor-element-f21cdde e-flex e-con-boxed e-con e-parent\" data-id=\"f21cdde\" data-element_type=\"container\" data-e-type=\"container\">\n\t\t\t\t\t<div class=\"e-con-inner\">\n\t\t\t\t<div class=\"elementor-element elementor-element-573287a elementor-widget elementor-widget-heading\" data-id=\"573287a\" data-element_type=\"widget\" data-e-type=\"widget\" data-widget_type=\"heading.default\">\n\t\t\t\t\t<h2 class=\"elementor-heading-title elementor-size-default\">3. Partage d'informations<\/h2>\t\t\t\t<\/div>\n\t\t\t\t\t<\/div>\n\t\t\t\t<\/div>\n\t\t<div class=\"elementor-element elementor-element-c6482cc e-flex e-con-boxed e-con e-parent\" data-id=\"c6482cc\" data-element_type=\"container\" data-e-type=\"container\">\n\t\t\t\t\t<div class=\"e-con-inner\">\n\t\t\t\t<div class=\"elementor-element elementor-element-a56cfc6 elementor-widget elementor-widget-text-editor\" data-id=\"a56cfc6\" data-element_type=\"widget\" data-e-type=\"widget\" data-widget_type=\"text-editor.default\">\n\t\t\t\t\t\t\t\t\t<p data-start=\"2044\" data-end=\"2093\">Vos donn\u00e9es ne peuvent \u00eatre partag\u00e9es que dans des cas sp\u00e9cifiques :<\/p><ul data-start=\"2094\" data-end=\"2335\"><li data-start=\"2094\" data-end=\"2196\"><p data-start=\"2096\" data-end=\"2196\">Avec des prestataires de confiance qui soutiennent nos op\u00e9rations, tels que les prestataires de services de paiement ou les partenaires de r\u00e9servation.<\/p><\/li><li data-start=\"2197\" data-end=\"2271\"><p data-start=\"2199\" data-end=\"2271\">Si la loi l'exige, par exemple pour r\u00e9pondre aux autorit\u00e9s judiciaires.<\/p><\/li><li data-start=\"2272\" data-end=\"2335\"><p data-start=\"2274\" data-end=\"2335\">Lors d'un transfert d'entreprise tel qu'une fusion ou une acquisition.<\/p><\/li><\/ul><p data-start=\"2337\" data-end=\"2426\">Tous les partenaires sont tenus \u00e0 la confidentialit\u00e9 et ne peuvent traiter vos donn\u00e9es que conform\u00e9ment aux instructions.<\/p>\t\t\t\t\t\t\t\t<\/div>\n\t\t\t\t\t<\/div>\n\t\t\t\t<\/div>\n\t\t<div class=\"elementor-element elementor-element-8fa4f69 e-flex e-con-boxed e-con e-parent\" data-id=\"8fa4f69\" data-element_type=\"container\" data-e-type=\"container\">\n\t\t\t\t\t<div class=\"e-con-inner\">\n\t\t\t\t<div class=\"elementor-element elementor-element-e126d3f elementor-widget elementor-widget-heading\" data-id=\"e126d3f\" data-element_type=\"widget\" data-e-type=\"widget\" data-widget_type=\"heading.default\">\n\t\t\t\t\t<h2 class=\"elementor-heading-title elementor-size-default\">4. Cookies et technologies de suivi<\/h2>\t\t\t\t<\/div>\n\t\t\t\t\t<\/div>\n\t\t\t\t<\/div>\n\t\t<div class=\"elementor-element elementor-element-526c8c7 e-flex e-con-boxed e-con e-parent\" data-id=\"526c8c7\" data-element_type=\"container\" data-e-type=\"container\">\n\t\t\t\t\t<div class=\"e-con-inner\">\n\t\t\t\t<div class=\"elementor-element elementor-element-05ed736 elementor-widget elementor-widget-text-editor\" data-id=\"05ed736\" data-element_type=\"widget\" data-e-type=\"widget\" data-widget_type=\"text-editor.default\">\n\t\t\t\t\t\t\t\t\t<p data-start=\"2469\" data-end=\"2512\" class=\"translation-block\"><strong data-start=\"\u00ab\" data-end=\"\u00ab\">agadircarsrental.com<\/strong> utilise des cookies pour :<\/p><ul data-start=\"2513\" data-end=\"2668\"><li data-start=\"2513\" data-end=\"2551\"><p data-start=\"2515\" data-end=\"2551\">M\u00e9morisez vos pr\u00e9f\u00e9rences de r\u00e9servation.<\/p><\/li><li data-start=\"2552\" data-end=\"2622\"><p data-start=\"2554\" data-end=\"2622\" class=\"translation-block\">Analysez les tendances de trafic pour les recherches \u00ab location de voiture Agadir Maroc \u00bb.<\/p><\/li><li data-start=\"2623\" data-end=\"2668\"><p data-start=\"2625\" data-end=\"2668\">Am\u00e9liorez votre exp\u00e9rience de navigation globale.<\/p><\/li><\/ul><p data-start=\"2670\" data-end=\"2812\" class=\"translation-block\">Vous pouvez d\u00e9sactiver les cookies via votre navigateur, mais certaines fonctions (comme la r\u00e9servation d'un service de location de voiture \u00e0 l'a\u00e9roport d'Agadir) risquent de ne pas fonctionner correctement.<\/p>\t\t\t\t\t\t\t\t<\/div>\n\t\t\t\t\t<\/div>\n\t\t\t\t<\/div>\n\t\t<div class=\"elementor-element elementor-element-8b51af1 e-flex e-con-boxed e-con e-parent\" data-id=\"8b51af1\" data-element_type=\"container\" data-e-type=\"container\">\n\t\t\t\t\t<div class=\"e-con-inner\">\n\t\t\t\t<div class=\"elementor-element elementor-element-041620a elementor-widget elementor-widget-heading\" data-id=\"041620a\" data-element_type=\"widget\" data-e-type=\"widget\" data-widget_type=\"heading.default\">\n\t\t\t\t\t<h2 class=\"elementor-heading-title elementor-size-default\">5. S\u00e9curit\u00e9 des donn\u00e9es<\/h2>\t\t\t\t<\/div>\n\t\t\t\t\t<\/div>\n\t\t\t\t<\/div>\n\t\t<div class=\"elementor-element elementor-element-1470695 e-flex e-con-boxed e-con e-parent\" data-id=\"1470695\" data-element_type=\"container\" data-e-type=\"container\">\n\t\t\t\t\t<div class=\"e-con-inner\">\n\t\t\t\t<div class=\"elementor-element elementor-element-bfc9fb5 elementor-widget elementor-widget-text-editor\" data-id=\"bfc9fb5\" data-element_type=\"widget\" data-e-type=\"widget\" data-widget_type=\"text-editor.default\">\n\t\t\t\t\t\t\t\t\t<p data-start=\"2837\" data-end=\"3041\">Nous mettons en \u0153uvre des mesures de s\u00e9curit\u00e9 appropri\u00e9es pour prot\u00e9ger vos donn\u00e9es personnelles contre tout acc\u00e8s non autoris\u00e9, toute modification ou toute utilisation abusive. Cependant, comme pour tous les services Internet, une s\u00e9curit\u00e9 absolue ne peut \u00eatre garantie.<\/p><h3 data-start=\"3043\" data-end=\"3063\">\u00a0<\/h3>\t\t\t\t\t\t\t\t<\/div>\n\t\t\t\t\t<\/div>\n\t\t\t\t<\/div>\n\t\t<div class=\"elementor-element elementor-element-15936e5 e-flex e-con-boxed e-con e-parent\" data-id=\"15936e5\" data-element_type=\"container\" data-e-type=\"container\">\n\t\t\t\t\t<div class=\"e-con-inner\">\n\t\t\t\t<div class=\"elementor-element elementor-element-ed634e8 elementor-widget elementor-widget-heading\" data-id=\"ed634e8\" data-element_type=\"widget\" data-e-type=\"widget\" data-widget_type=\"heading.default\">\n\t\t\t\t\t<h2 class=\"elementor-heading-title elementor-size-default\">6. Vos droits<\/h2>\t\t\t\t<\/div>\n\t\t\t\t\t<\/div>\n\t\t\t\t<\/div>\n\t\t<div class=\"elementor-element elementor-element-31acad9 e-flex e-con-boxed e-con e-parent\" data-id=\"31acad9\" data-element_type=\"container\" data-e-type=\"container\">\n\t\t\t\t\t<div class=\"e-con-inner\">\n\t\t\t\t<div class=\"elementor-element elementor-element-6274f57 elementor-widget elementor-widget-text-editor\" data-id=\"6274f57\" data-element_type=\"widget\" data-e-type=\"widget\" data-widget_type=\"text-editor.default\">\n\t\t\t\t\t\t\t\t\t<p data-start=\"3064\" data-end=\"3120\">En fonction de la r\u00e9glementation locale, vous avez le droit de :<\/p><ul data-start=\"3121\" data-end=\"3327\"><li data-start=\"3121\" data-end=\"3168\"><p data-start=\"3123\" data-end=\"3168\">Acc\u00e9dez aux donn\u00e9es personnelles que nous d\u00e9tenons \u00e0 votre sujet.<\/p><\/li><li data-start=\"3169\" data-end=\"3224\"><p data-start=\"3171\" data-end=\"3224\">Demandez des corrections ou des mises \u00e0 jour de vos informations.<\/p><\/li><li data-start=\"3225\" data-end=\"3276\"><p data-start=\"3227\" data-end=\"3276\">Demandez la suppression de vos donn\u00e9es, le cas \u00e9ch\u00e9ant.<\/p><\/li><li data-start=\"3277\" data-end=\"3327\"><p data-start=\"3279\" data-end=\"3327\">Retirer votre consentement pour les communications marketing.<\/p><\/li><\/ul><p data-start=\"3329\" data-end=\"3410\" class=\"translation-block\">Pour exercer vos droits, veuillez nous contacter \u00e0 l'adresse <strong data-start=\"\u00ab\" data-end=\"\u00ab\"><a class=\"decorated-link cursor-pointer\" rel=\"noopener\" data-start=\"\u201c3377\u201d\" data-end=\"\u00ab\" target=\"_self\">contact@agadircarsrental.com<\/a><\/strong>.<\/p>\t\t\t\t\t\t\t\t<\/div>\n\t\t\t\t\t<\/div>\n\t\t\t\t<\/div>\n\t\t<div class=\"elementor-element elementor-element-12dad23 e-flex e-con-boxed e-con e-parent\" data-id=\"12dad23\" data-element_type=\"container\" data-e-type=\"container\">\n\t\t\t\t\t<div class=\"e-con-inner\">\n\t\t\t\t<div class=\"elementor-element elementor-element-d1874d6 elementor-widget elementor-widget-heading\" data-id=\"d1874d6\" data-element_type=\"widget\" data-e-type=\"widget\" data-widget_type=\"heading.default\">\n\t\t\t\t\t<h2 class=\"elementor-heading-title elementor-size-default\">7. Liens vers des sites tiers<\/h2>\t\t\t\t<\/div>\n\t\t\t\t\t<\/div>\n\t\t\t\t<\/div>\n\t\t<div class=\"elementor-element elementor-element-8269fc8 e-flex e-con-boxed e-con e-parent\" data-id=\"8269fc8\" data-element_type=\"container\" data-e-type=\"container\">\n\t\t\t\t\t<div class=\"e-con-inner\">\n\t\t\t\t<div class=\"elementor-element elementor-element-05a062a elementor-widget elementor-widget-text-editor\" data-id=\"05a062a\" data-element_type=\"widget\" data-e-type=\"widget\" data-widget_type=\"text-editor.default\">\n\t\t\t\t\t\t\t\t\t<p data-start=\"3439\" data-end=\"3657\" class=\"translation-block\">Notre site peut contenir des liens vers des sites externes, tels que des ressources de voyage ou des partenaires. RideOn n'est pas responsable de leurs pratiques en mati\u00e8re de confidentialit\u00e9, et nous vous recommandons de consulter leurs politiques avant de partager toute information.<\/p><h3 data-start=\"3659\" data-end=\"3690\">\u00a0<\/h3>\t\t\t\t\t\t\t\t<\/div>\n\t\t\t\t\t<\/div>\n\t\t\t\t<\/div>\n\t\t<div class=\"elementor-element elementor-element-591a471 e-flex e-con-boxed e-con e-parent\" data-id=\"591a471\" data-element_type=\"container\" data-e-type=\"container\">\n\t\t\t\t\t<div class=\"e-con-inner\">\n\t\t\t\t<div class=\"elementor-element elementor-element-b081dd4 elementor-widget elementor-widget-heading\" data-id=\"b081dd4\" data-element_type=\"widget\" data-e-type=\"widget\" data-widget_type=\"heading.default\">\n\t\t\t\t\t<h2 class=\"elementor-heading-title elementor-size-default\">8. Mises \u00e0 jour de la pr\u00e9sente politique<\/h2>\t\t\t\t<\/div>\n\t\t\t\t\t<\/div>\n\t\t\t\t<\/div>\n\t\t<div class=\"elementor-element elementor-element-a186e29 e-flex e-con-boxed e-con e-parent\" data-id=\"a186e29\" data-element_type=\"container\" data-e-type=\"container\">\n\t\t\t\t\t<div class=\"e-con-inner\">\n\t\t\t\t<div class=\"elementor-element elementor-element-d4aa3b8 elementor-widget elementor-widget-text-editor\" data-id=\"d4aa3b8\" data-element_type=\"widget\" data-e-type=\"widget\" data-widget_type=\"text-editor.default\">\n\t\t\t\t\t\t\t\t\t<p data-start=\"3691\" data-end=\"3895\">La pr\u00e9sente politique de confidentialit\u00e9 peut \u00eatre mise \u00e0 jour p\u00e9riodiquement. Toute modification appara\u00eetra sur cette page avec une date d'entr\u00e9e en vigueur r\u00e9vis\u00e9e. La poursuite de l'utilisation du site web apr\u00e8s ces modifications vaut acceptation des conditions mises \u00e0 jour.<\/p><h3 data-start=\"3897\" data-end=\"3916\">\u00a0<\/h3>\t\t\t\t\t\t\t\t<\/div>\n\t\t\t\t\t<\/div>\n\t\t\t\t<\/div>\n\t\t<div class=\"elementor-element elementor-element-ef5d2fa e-flex e-con-boxed e-con e-parent\" data-id=\"ef5d2fa\" data-element_type=\"container\" data-e-type=\"container\">\n\t\t\t\t\t<div class=\"e-con-inner\">\n\t\t\t\t<div class=\"elementor-element elementor-element-beaa1f4 elementor-widget elementor-widget-heading\" data-id=\"beaa1f4\" data-element_type=\"widget\" data-e-type=\"widget\" data-widget_type=\"heading.default\">\n\t\t\t\t\t<h2 class=\"elementor-heading-title elementor-size-default\">9. Contact<\/h2>\t\t\t\t<\/div>\n\t\t\t\t\t<\/div>\n\t\t\t\t<\/div>\n\t\t<div class=\"elementor-element elementor-element-83fe27a e-flex e-con-boxed e-con e-parent\" data-id=\"83fe27a\" data-element_type=\"container\" data-e-type=\"container\">\n\t\t\t\t\t<div class=\"e-con-inner\">\n\t\t\t\t<div class=\"elementor-element elementor-element-485c54e elementor-widget elementor-widget-text-editor\" data-id=\"485c54e\" data-element_type=\"widget\" data-e-type=\"widget\" data-widget_type=\"text-editor.default\">\n\t\t\t\t\t\t\t\t\t<p data-start=\"3917\" data-end=\"4033\" class=\"translation-block\">Si vous avez des questions ou des pr\u00e9occupations concernant la pr\u00e9sente politique de confidentialit\u00e9 ou la mani\u00e8re dont nous traitons vos donn\u00e9es, veuillez nous contacter :\nE-mail : contact@agadircarsrental.com<\/p>\t\t\t\t\t\t\t\t<\/div>\n\t\t\t\t\t<\/div>\n\t\t\t\t<\/div>\n\t\t<div class=\"elementor-element elementor-element-3eff6e5 e-flex e-con-boxed e-con e-parent\" data-id=\"3eff6e5\" data-element_type=\"container\" data-e-type=\"container\">\n\t\t\t\t\t<div class=\"e-con-inner\">\n\t\t\t\t<div class=\"elementor-element elementor-element-4346b17 elementor-widget elementor-widget-html\" data-id=\"4346b17\" data-element_type=\"widget\" data-e-type=\"widget\" data-widget_type=\"html.default\">\n\t\t\t\t\t<a href=\"https:\/\/agadircarsrental.com\/fr\/\" class=\"brand-badge\">\r\n  <img decoding=\"async\" src=\"https:\/\/agadircarsrental.com\/wp-content\/uploads\/2025\/08\/RideOn-Car-Rental-AGADIR-4.webp\" alt=\"RideOn Logo\">\r\n<\/a>\r\n\r\n<style>\r\n.brand-badge {\r\n  display: inline-flex;\r\n  align-items: center;\r\n  background: #ad2184;\r\n  padding: 7px 16px;\r\n  border-radius: 30px;\r\n  box-shadow: 0 3px 10px rgba(0,0,0,0.15);\r\n  text-decoration: none;\r\n  transition: background 0.3s ease, color 0.3s ease;\r\n}\r\n\r\n.brand-badge:hover {\r\n  background: #c29b4e;\r\n  color: #370a34;\r\n}\r\n\r\n.brand-badge img {\r\n  height: 28px;\r\n  width: auto;\r\n  object-fit: contain;\r\n}\r\n<\/style>\t\t\t\t<\/div>\n\t\t\t\t\t<\/div>\n\t\t\t\t<\/div>\n\t\t\t\t<\/div>","protected":false},"excerpt":{"rendered":"<p>Privacy Policy At RideOn, we respect and protect your privacy. This Privacy Policy explains how your personal information is collected, used, and safeguarded when you visit or use agadircarsrental.com. By browsing or booking a service with us (such as car rental Agadir or car hire at Agadir airport), you agree to the practices described in [&hellip;]<\/p>","protected":false},"author":1,"featured_media":0,"parent":0,"menu_order":0,"comment_status":"closed","ping_status":"open","template":"","meta":{"_monsterinsights_skip_tracking":false,"_monsterinsights_sitenote_active":false,"_monsterinsights_sitenote_note":"","_monsterinsights_sitenote_category":0,"footnotes":""},"class_list":["post-3","page","type-page","status-publish","hentry"],"_links":{"self":[{"href":"https:\/\/agadircarsrental.com\/fr\/wp-json\/wp\/v2\/pages\/3","targetHints":{"allow":["GET"]}}],"collection":[{"href":"https:\/\/agadircarsrental.com\/fr\/wp-json\/wp\/v2\/pages"}],"about":[{"href":"https:\/\/agadircarsrental.com\/fr\/wp-json\/wp\/v2\/types\/page"}],"author":[{"embeddable":true,"href":"https:\/\/agadircarsrental.com\/fr\/wp-json\/wp\/v2\/users\/1"}],"replies":[{"embeddable":true,"href":"https:\/\/agadircarsrental.com\/fr\/wp-json\/wp\/v2\/comments?post=3"}],"version-history":[{"count":22,"href":"https:\/\/agadircarsrental.com\/fr\/wp-json\/wp\/v2\/pages\/3\/revisions"}],"predecessor-version":[{"id":1926,"href":"https:\/\/agadircarsrental.com\/fr\/wp-json\/wp\/v2\/pages\/3\/revisions\/1926"}],"wp:attachment":[{"href":"https:\/\/agadircarsrental.com\/fr\/wp-json\/wp\/v2\/media?parent=3"}],"curies":[{"name":"wp","href":"https:\/\/api.w.org\/{rel}","templated":true}]}}