{"id":500,"date":"2025-08-28T16:43:25","date_gmt":"2025-08-28T16:43:25","guid":{"rendered":"https:\/\/agadircarsrental.com\/?page_id=500"},"modified":"2026-04-12T14:31:56","modified_gmt":"2026-04-12T14:31:56","slug":"terms-conditions","status":"publish","type":"page","link":"https:\/\/agadircarsrental.com\/de\/terms-conditions\/","title":{"rendered":"Allgemeine Gesch\u00e4ftsbedingungen"},"content":{"rendered":"<div data-elementor-type=\"wp-page\" data-elementor-id=\"500\" class=\"elementor elementor-500\" data-elementor-post-type=\"page\">\n\t\t\t\t<div class=\"elementor-element elementor-element-ddfde3f e-flex e-con-boxed e-con e-parent\" data-id=\"ddfde3f\" data-element_type=\"container\" data-e-type=\"container\">\n\t\t\t\t\t<div class=\"e-con-inner\">\n\t\t\t\t<div class=\"elementor-element elementor-element-ba117e9 elementor-widget elementor-widget-spacer\" data-id=\"ba117e9\" data-element_type=\"widget\" data-e-type=\"widget\" data-widget_type=\"spacer.default\">\n\t\t\t\t\t\t\t<div class=\"elementor-spacer\">\n\t\t\t<div class=\"elementor-spacer-inner\"><\/div>\n\t\t<\/div>\n\t\t\t\t\t\t<\/div>\n\t\t\t\t\t<\/div>\n\t\t\t\t<\/div>\n\t\t<div class=\"elementor-element elementor-element-cc96cd5 e-flex e-con-boxed e-con e-parent\" data-id=\"cc96cd5\" data-element_type=\"container\" data-e-type=\"container\">\n\t\t\t\t\t<div class=\"e-con-inner\">\n\t\t<div class=\"elementor-element elementor-element-a736a6d e-con-full e-flex e-con e-child\" data-id=\"a736a6d\" data-element_type=\"container\" data-e-type=\"container\" data-settings=\"{&quot;background_background&quot;:&quot;slideshow&quot;,&quot;background_slideshow_gallery&quot;:[{&quot;id&quot;:377,&quot;url&quot;:&quot;https:\\\/\\\/agadircarsrental.com\\\/wp-content\\\/uploads\\\/2025\\\/08\\\/banner-all-pages.png&quot;}],&quot;background_slideshow_loop&quot;:&quot;yes&quot;,&quot;background_slideshow_slide_duration&quot;:5000,&quot;background_slideshow_slide_transition&quot;:&quot;fade&quot;,&quot;background_slideshow_transition_duration&quot;:500}\">\n\t\t\t\t<div class=\"elementor-element elementor-element-b23f782 elementor-widget elementor-widget-heading\" data-id=\"b23f782\" data-element_type=\"widget\" data-e-type=\"widget\" data-widget_type=\"heading.default\">\n\t\t\t\t\t<h2 class=\"elementor-heading-title elementor-size-default\">Nutzungsbedingungen<\/h2>\t\t\t\t<\/div>\n\t\t\t\t<\/div>\n\t\t\t\t\t<\/div>\n\t\t\t\t<\/div>\n\t\t<div class=\"elementor-element elementor-element-9206201 e-flex e-con-boxed e-con e-parent\" data-id=\"9206201\" data-element_type=\"container\" data-e-type=\"container\">\n\t\t\t\t\t<div class=\"e-con-inner\">\n\t\t\t\t<div class=\"elementor-element elementor-element-211c7ce elementor-widget elementor-widget-text-editor\" data-id=\"211c7ce\" data-element_type=\"widget\" data-e-type=\"widget\" data-widget_type=\"text-editor.default\">\n\t\t\t\t\t\t\t\t\t<p class=\"translation-block\">Willkommen bei <strong data-start=\"\u201e428\u201c\" data-end=\"\u201e438\u201c\">RideOn<\/strong>. Diese Nutzungsbedingungen (\u201eBedingungen\u201c) regeln Ihren Zugriff auf und Ihre Nutzung unserer Website <strong data-start=\"\u201a515\u2018\" data-end=\"\u201e539\u201c\">agadircarsrental.com<\/strong>. Durch die Nutzung dieser Website erkl\u00e4ren Sie sich mit diesen Bedingungen einverstanden. Wenn Sie nicht einverstanden sind, nutzen Sie die Website bitte nicht.<\/p>\t\t\t\t\t\t\t\t<\/div>\n\t\t\t\t\t<\/div>\n\t\t\t\t<\/div>\n\t\t<div class=\"elementor-element elementor-element-687f2d2 e-flex e-con-boxed e-con e-parent\" data-id=\"687f2d2\" data-element_type=\"container\" data-e-type=\"container\">\n\t\t\t\t\t<div class=\"e-con-inner\">\n\t\t\t\t<div class=\"elementor-element elementor-element-58b9380 elementor-widget elementor-widget-heading\" data-id=\"58b9380\" data-element_type=\"widget\" data-e-type=\"widget\" data-widget_type=\"heading.default\">\n\t\t\t\t\t<h2 class=\"elementor-heading-title elementor-size-default\">1. Nutzung der Website<\/h2>\t\t\t\t<\/div>\n\t\t\t\t\t<\/div>\n\t\t\t\t<\/div>\n\t\t<div class=\"elementor-element elementor-element-873522f e-flex e-con-boxed e-con e-parent\" data-id=\"873522f\" data-element_type=\"container\" data-e-type=\"container\">\n\t\t\t\t\t<div class=\"e-con-inner\">\n\t\t\t\t<div class=\"elementor-element elementor-element-b71233f elementor-widget elementor-widget-text-editor\" data-id=\"b71233f\" data-element_type=\"widget\" data-e-type=\"widget\" data-widget_type=\"text-editor.default\">\n\t\t\t\t\t\t\t\t\t<p>Sie erkl\u00e4ren sich damit einverstanden, diese Website nur f\u00fcr rechtm\u00e4\u00dfige Zwecke und in einer Weise zu nutzen, die nicht die Rechte anderer verletzt oder deren Nutzung der Website einschr\u00e4nkt. Sie d\u00fcrfen die Website nicht dazu nutzen, um sch\u00e4dliche Inhalte zu verbreiten, illegale Aktivit\u00e4ten durchzuf\u00fchren oder die Sicherheit oder Funktionalit\u00e4t der Website zu beeintr\u00e4chtigen.<\/p>\t\t\t\t\t\t\t\t<\/div>\n\t\t\t\t\t<\/div>\n\t\t\t\t<\/div>\n\t\t<div class=\"elementor-element elementor-element-3ee5ac5 e-flex e-con-boxed e-con e-parent\" data-id=\"3ee5ac5\" data-element_type=\"container\" data-e-type=\"container\">\n\t\t\t\t\t<div class=\"e-con-inner\">\n\t\t\t\t<div class=\"elementor-element elementor-element-680dfbc elementor-widget elementor-widget-heading\" data-id=\"680dfbc\" data-element_type=\"widget\" data-e-type=\"widget\" data-widget_type=\"heading.default\">\n\t\t\t\t\t<h2 class=\"elementor-heading-title elementor-size-default\">2. Geistiges Eigentum<\/h2>\t\t\t\t<\/div>\n\t\t\t\t\t<\/div>\n\t\t\t\t<\/div>\n\t\t<div class=\"elementor-element elementor-element-a16645e e-flex e-con-boxed e-con e-parent\" data-id=\"a16645e\" data-element_type=\"container\" data-e-type=\"container\">\n\t\t\t\t\t<div class=\"e-con-inner\">\n\t\t\t\t<div class=\"elementor-element elementor-element-6dbdb54 elementor-widget elementor-widget-text-editor\" data-id=\"6dbdb54\" data-element_type=\"widget\" data-e-type=\"widget\" data-widget_type=\"text-editor.default\">\n\t\t\t\t\t\t\t\t\t<p data-start=\"1009\" data-end=\"1334\" class=\"translation-block\">Alle Inhalte auf <strong data-start=\"\u201e1024\u201c\" data-end=\"\u201e1048\u201c\">agadircarsrental.com<\/strong>, einschlie\u00dflich Text, Logos, Bilder und Layout, sind Eigentum von <strong data-start=\"\u201a1112\u2018\" data-end=\"\u201e1122\u201c\">RideOn<\/strong> oder seinen Inhaltsanbietern und sind durch Urheber-, Marken- und andere Gesetze zum Schutz geistigen Eigentums gesch\u00fctzt. Sie d\u00fcrfen keine Inhalte dieser Website ohne vorherige schriftliche Genehmigung reproduzieren, ver\u00e4ndern oder verbreiten.<\/p><h3 data-start=\"1336\" data-end=\"1369\">\u00a0<\/h3>\t\t\t\t\t\t\t\t<\/div>\n\t\t\t\t\t<\/div>\n\t\t\t\t<\/div>\n\t\t<div class=\"elementor-element elementor-element-975013a e-flex e-con-boxed e-con e-parent\" data-id=\"975013a\" data-element_type=\"container\" data-e-type=\"container\">\n\t\t\t\t\t<div class=\"e-con-inner\">\n\t\t\t\t<div class=\"elementor-element elementor-element-9d02c3b elementor-widget elementor-widget-heading\" data-id=\"9d02c3b\" data-element_type=\"widget\" data-e-type=\"widget\" data-widget_type=\"heading.default\">\n\t\t\t\t\t<h2 class=\"elementor-heading-title elementor-size-default\">3. Buchungs- und Mietbedingungen<\/h2>\t\t\t\t<\/div>\n\t\t\t\t\t<\/div>\n\t\t\t\t<\/div>\n\t\t<div class=\"elementor-element elementor-element-6974fcc e-flex e-con-boxed e-con e-parent\" data-id=\"6974fcc\" data-element_type=\"container\" data-e-type=\"container\">\n\t\t\t\t\t<div class=\"e-con-inner\">\n\t\t\t\t<div class=\"elementor-element elementor-element-c2d5bc6 elementor-widget elementor-widget-text-editor\" data-id=\"c2d5bc6\" data-element_type=\"widget\" data-e-type=\"widget\" data-widget_type=\"text-editor.default\">\n\t\t\t\t\t\t\t\t\t<p data-start=\"1370\" data-end=\"1686\" class=\"translation-block\">Autovermietungsbuchungen (einschlie\u00dflich <em data-start=\"\u201e1401\u201c\" data-end=\"\u201e1420\u201c\">Autovermietung Agadir<\/em>, <em data-start=\"\u201e1422\u201c\" data-end=\"\u201e1449\u201c\">Autovermietung Agadir Flughafen<\/em> oder <em data-start=\"\u201a1454\u2018\" data-end=\"\u201e1487\u201c\">Autovermietung Agadir Flughafen Marokko<\/em>) \u00fcber diese Website unterliegen separaten Mietbedingungen, die Ihnen w\u00e4hrend des Buchungsvorgangs zur Verf\u00fcgung gestellt werden. Bitte lesen Sie diese Bedingungen sorgf\u00e4ltig durch, bevor Sie eine Buchung best\u00e4tigen.<\/p><h3 data-start=\"1688\" data-end=\"1719\">\u00a0<\/h3>\t\t\t\t\t\t\t\t<\/div>\n\t\t\t\t\t<\/div>\n\t\t\t\t<\/div>\n\t\t<div class=\"elementor-element elementor-element-aaf4a81 e-flex e-con-boxed e-con e-parent\" data-id=\"aaf4a81\" data-element_type=\"container\" data-e-type=\"container\">\n\t\t\t\t\t<div class=\"e-con-inner\">\n\t\t\t\t<div class=\"elementor-element elementor-element-654586a elementor-widget elementor-widget-heading\" data-id=\"654586a\" data-element_type=\"widget\" data-e-type=\"widget\" data-widget_type=\"heading.default\">\n\t\t\t\t\t<h2 class=\"elementor-heading-title elementor-size-default\">4. Nutzergenerierte Inhalte<\/h2>\t\t\t\t<\/div>\n\t\t\t\t\t<\/div>\n\t\t\t\t<\/div>\n\t\t<div class=\"elementor-element elementor-element-77ff3f7 e-flex e-con-boxed e-con e-parent\" data-id=\"77ff3f7\" data-element_type=\"container\" data-e-type=\"container\">\n\t\t\t\t\t<div class=\"e-con-inner\">\n\t\t\t\t<div class=\"elementor-element elementor-element-1fea581 elementor-widget elementor-widget-text-editor\" data-id=\"1fea581\" data-element_type=\"widget\" data-e-type=\"widget\" data-widget_type=\"text-editor.default\">\n\t\t\t\t\t\t\t\t\t<p data-start=\"1720\" data-end=\"1999\" class=\"translation-block\">Wenn Sie Bewertungen, Erfahrungsberichte oder andere Inhalte auf der Website ver\u00f6ffentlichen, gew\u00e4hren Sie <strong data-start=\"\u201e1797\u201c\" data-end=\"\u201e1807\u201c\">RideOn<\/strong> eine nicht exklusive, geb\u00fchrenfreie, weltweite Lizenz zur Nutzung, Vervielf\u00e4ltigung und Anzeige dieser Inhalte. Sie erkl\u00e4ren sich damit einverstanden, dass Ihre Inhalte nicht rechtswidrig oder beleidigend sind und keine Rechte Dritter verletzen.<\/p><h3 data-start=\"2001\" data-end=\"2024\">\u00a0<\/h3>\t\t\t\t\t\t\t\t<\/div>\n\t\t\t\t\t<\/div>\n\t\t\t\t<\/div>\n\t\t<div class=\"elementor-element elementor-element-73d12b2 e-flex e-con-boxed e-con e-parent\" data-id=\"73d12b2\" data-element_type=\"container\" data-e-type=\"container\">\n\t\t\t\t\t<div class=\"e-con-inner\">\n\t\t\t\t<div class=\"elementor-element elementor-element-e526672 elementor-widget elementor-widget-heading\" data-id=\"e526672\" data-element_type=\"widget\" data-e-type=\"widget\" data-widget_type=\"heading.default\">\n\t\t\t\t\t<h2 class=\"elementor-heading-title elementor-size-default\">5. Externe Links<\/h2>\t\t\t\t<\/div>\n\t\t\t\t\t<\/div>\n\t\t\t\t<\/div>\n\t\t<div class=\"elementor-element elementor-element-f8c3f6d e-flex e-con-boxed e-con e-parent\" data-id=\"f8c3f6d\" data-element_type=\"container\" data-e-type=\"container\">\n\t\t\t\t\t<div class=\"e-con-inner\">\n\t\t\t\t<div class=\"elementor-element elementor-element-419e4cb elementor-widget elementor-widget-text-editor\" data-id=\"419e4cb\" data-element_type=\"widget\" data-e-type=\"widget\" data-widget_type=\"text-editor.default\">\n\t\t\t\t\t\t\t\t\t<p data-start=\"2025\" data-end=\"2228\" class=\"translation-block\">Diese Website kann Links zu Websites Dritter enthalten, die Ihnen die Nutzung erleichtern sollen. <strong data-start=\"\u201e2099\u201c\" data-end=\"\u201e2109\u201c\">RideOn<\/strong> ist nicht f\u00fcr den Inhalt oder die Datenschutzpraktiken dieser Websites verantwortlich. Der Besuch externer Links erfolgt auf eigene Gefahr.<\/p><h3 data-start=\"2230\" data-end=\"2263\">\u00a0<\/h3>\t\t\t\t\t\t\t\t<\/div>\n\t\t\t\t\t<\/div>\n\t\t\t\t<\/div>\n\t\t<div class=\"elementor-element elementor-element-69e6745 e-flex e-con-boxed e-con e-parent\" data-id=\"69e6745\" data-element_type=\"container\" data-e-type=\"container\">\n\t\t\t\t\t<div class=\"e-con-inner\">\n\t\t\t\t<div class=\"elementor-element elementor-element-e10fa7c elementor-widget elementor-widget-heading\" data-id=\"e10fa7c\" data-element_type=\"widget\" data-e-type=\"widget\" data-widget_type=\"heading.default\">\n\t\t\t\t\t<h2 class=\"elementor-heading-title elementor-size-default\">6. Haftungsausschluss<\/h2>\t\t\t\t<\/div>\n\t\t\t\t\t<\/div>\n\t\t\t\t<\/div>\n\t\t<div class=\"elementor-element elementor-element-9da31a2 e-flex e-con-boxed e-con e-parent\" data-id=\"9da31a2\" data-element_type=\"container\" data-e-type=\"container\">\n\t\t\t\t\t<div class=\"e-con-inner\">\n\t\t\t\t<div class=\"elementor-element elementor-element-eb96252 elementor-widget elementor-widget-text-editor\" data-id=\"eb96252\" data-element_type=\"widget\" data-e-type=\"widget\" data-widget_type=\"text-editor.default\">\n\t\t\t\t\t\t\t\t\t<p data-start=\"2264\" data-end=\"2441\" class=\"translation-block\"><strong data-start=\"\u201e2264\u201c\" data-end=\"\u201e2274\u201c\">RideOn<\/strong> stellt diese Website ohne M\u00e4ngelgew\u00e4hr und ohne ausdr\u00fcckliche oder stillschweigende Gew\u00e4hrleistungen zur Verf\u00fcgung. Wir \u00fcbernehmen keine Gew\u00e4hr f\u00fcr die Richtigkeit, Zuverl\u00e4ssigkeit oder Verf\u00fcgbarkeit der Website oder ihrer Inhalte.<\/p><h3 data-start=\"2443\" data-end=\"2475\">\u00a0<\/h3>\t\t\t\t\t\t\t\t<\/div>\n\t\t\t\t\t<\/div>\n\t\t\t\t<\/div>\n\t\t<div class=\"elementor-element elementor-element-4e7879e e-flex e-con-boxed e-con e-parent\" data-id=\"4e7879e\" data-element_type=\"container\" data-e-type=\"container\">\n\t\t\t\t\t<div class=\"e-con-inner\">\n\t\t\t\t<div class=\"elementor-element elementor-element-d793d20 elementor-widget elementor-widget-heading\" data-id=\"d793d20\" data-element_type=\"widget\" data-e-type=\"widget\" data-widget_type=\"heading.default\">\n\t\t\t\t\t<h2 class=\"elementor-heading-title elementor-size-default\">7. Haftungsbeschr\u00e4nkung<\/h2>\t\t\t\t<\/div>\n\t\t\t\t\t<\/div>\n\t\t\t\t<\/div>\n\t\t<div class=\"elementor-element elementor-element-5e16558 e-flex e-con-boxed e-con e-parent\" data-id=\"5e16558\" data-element_type=\"container\" data-e-type=\"container\">\n\t\t\t\t\t<div class=\"e-con-inner\">\n\t\t\t\t<div class=\"elementor-element elementor-element-edc396c elementor-widget elementor-widget-text-editor\" data-id=\"edc396c\" data-element_type=\"widget\" data-e-type=\"widget\" data-widget_type=\"text-editor.default\">\n\t\t\t\t\t\t\t\t\t<p data-start=\"2476\" data-end=\"2704\" class=\"translation-block\">Soweit gesetzlich zul\u00e4ssig, haftet <strong data-start=\"\u201e2516\u201c\" data-end=\"\u201e2526\u201c\">RideOn<\/strong> nicht f\u00fcr direkte, indirekte oder zuf\u00e4llige Sch\u00e4den, die sich aus Ihrer Nutzung oder Unm\u00f6glichkeit der Nutzung dieser Website ergeben, einschlie\u00dflich, aber nicht beschr\u00e4nkt auf Fehler, Verz\u00f6gerungen oder Datenverluste.<\/p><h3 data-start=\"2706\" data-end=\"2737\">\u00a0<\/h3>\t\t\t\t\t\t\t\t<\/div>\n\t\t\t\t\t<\/div>\n\t\t\t\t<\/div>\n\t\t<div class=\"elementor-element elementor-element-95c9803 e-flex e-con-boxed e-con e-parent\" data-id=\"95c9803\" data-element_type=\"container\" data-e-type=\"container\">\n\t\t\t\t\t<div class=\"e-con-inner\">\n\t\t\t\t<div class=\"elementor-element elementor-element-0c4e442 elementor-widget elementor-widget-heading\" data-id=\"0c4e442\" data-element_type=\"widget\" data-e-type=\"widget\" data-widget_type=\"heading.default\">\n\t\t\t\t\t<h2 class=\"elementor-heading-title elementor-size-default\">8. \u00c4nderungen dieser Bedingungen<\/h2>\t\t\t\t<\/div>\n\t\t\t\t\t<\/div>\n\t\t\t\t<\/div>\n\t\t<div class=\"elementor-element elementor-element-bf1d4c4 e-flex e-con-boxed e-con e-parent\" data-id=\"bf1d4c4\" data-element_type=\"container\" data-e-type=\"container\">\n\t\t\t\t\t<div class=\"e-con-inner\">\n\t\t\t\t<div class=\"elementor-element elementor-element-975dc04 elementor-widget elementor-widget-text-editor\" data-id=\"975dc04\" data-element_type=\"widget\" data-e-type=\"widget\" data-widget_type=\"text-editor.default\">\n\t\t\t\t\t\t\t\t\t<p data-start=\"2738\" data-end=\"2957\">Wir k\u00f6nnen diese Bedingungen jederzeit aktualisieren. In diesem Fall wird die aktualisierte Version auf dieser Seite mit einem neuen Datum des Inkrafttretens ver\u00f6ffentlicht. Durch Ihre fortgesetzte Nutzung der Website nach Ver\u00f6ffentlichung der \u00c4nderungen erkl\u00e4ren Sie sich mit den aktualisierten Bedingungen einverstanden.<\/p><h3 data-start=\"2959\" data-end=\"2979\">\u00a0<\/h3>\t\t\t\t\t\t\t\t<\/div>\n\t\t\t\t\t<\/div>\n\t\t\t\t<\/div>\n\t\t<div class=\"elementor-element elementor-element-500d693 e-flex e-con-boxed e-con e-parent\" data-id=\"500d693\" data-element_type=\"container\" data-e-type=\"container\">\n\t\t\t\t\t<div class=\"e-con-inner\">\n\t\t\t\t<div class=\"elementor-element elementor-element-e77cebd elementor-widget elementor-widget-heading\" data-id=\"e77cebd\" data-element_type=\"widget\" data-e-type=\"widget\" data-widget_type=\"heading.default\">\n\t\t\t\t\t<h2 class=\"elementor-heading-title elementor-size-default\">9. K\u00fcndigung<\/h2>\t\t\t\t<\/div>\n\t\t\t\t\t<\/div>\n\t\t\t\t<\/div>\n\t\t<div class=\"elementor-element elementor-element-315ae90 e-flex e-con-boxed e-con e-parent\" data-id=\"315ae90\" data-element_type=\"container\" data-e-type=\"container\">\n\t\t\t\t\t<div class=\"e-con-inner\">\n\t\t\t\t<div class=\"elementor-element elementor-element-379e0fc elementor-widget elementor-widget-text-editor\" data-id=\"379e0fc\" data-element_type=\"widget\" data-e-type=\"widget\" data-widget_type=\"text-editor.default\">\n\t\t\t\t\t\t\t\t\t<p data-start=\"2980\" data-end=\"3129\">Wir behalten uns das Recht vor, Ihren Zugang zur Website einzuschr\u00e4nken oder zu sperren, wenn wir der Ansicht sind, dass Sie gegen diese Bedingungen versto\u00dfen oder sich sch\u00e4digend verhalten haben.<\/p><h3 data-start=\"3131\" data-end=\"3154\">\u00a0<\/h3>\t\t\t\t\t\t\t\t<\/div>\n\t\t\t\t\t<\/div>\n\t\t\t\t<\/div>\n\t\t<div class=\"elementor-element elementor-element-41d688c e-flex e-con-boxed e-con e-parent\" data-id=\"41d688c\" data-element_type=\"container\" data-e-type=\"container\">\n\t\t\t\t\t<div class=\"e-con-inner\">\n\t\t\t\t<div class=\"elementor-element elementor-element-ebb1a3b elementor-widget elementor-widget-heading\" data-id=\"ebb1a3b\" data-element_type=\"widget\" data-e-type=\"widget\" data-widget_type=\"heading.default\">\n\t\t\t\t\t<h2 class=\"elementor-heading-title elementor-size-default\">10. Anwendbares Recht<\/h2>\t\t\t\t<\/div>\n\t\t\t\t\t<\/div>\n\t\t\t\t<\/div>\n\t\t<div class=\"elementor-element elementor-element-6a7e6b8 e-flex e-con-boxed e-con e-parent\" data-id=\"6a7e6b8\" data-element_type=\"container\" data-e-type=\"container\">\n\t\t\t\t\t<div class=\"e-con-inner\">\n\t\t\t\t<div class=\"elementor-element elementor-element-1f09473 elementor-widget elementor-widget-text-editor\" data-id=\"1f09473\" data-element_type=\"widget\" data-e-type=\"widget\" data-widget_type=\"text-editor.default\">\n\t\t\t\t\t\t\t\t\t<p data-start=\"3155\" data-end=\"3333\">Diese Bedingungen unterliegen den Gesetzen Marokkos. Alle Streitigkeiten, die sich aus Ihrer Nutzung der Website ergeben, unterliegen der ausschlie\u00dflichen Zust\u00e4ndigkeit der Gerichte in Agadir.<\/p>\t\t\t\t\t\t\t\t<\/div>\n\t\t\t\t\t<\/div>\n\t\t\t\t<\/div>\n\t\t<div class=\"elementor-element elementor-element-974cbad e-flex e-con-boxed e-con e-parent\" data-id=\"974cbad\" data-element_type=\"container\" data-e-type=\"container\">\n\t\t\t\t\t<div class=\"e-con-inner\">\n\t\t\t\t<div class=\"elementor-element elementor-element-1485068 elementor-widget elementor-widget-heading\" data-id=\"1485068\" data-element_type=\"widget\" data-e-type=\"widget\" data-widget_type=\"heading.default\">\n\t\t\t\t\t<h2 class=\"elementor-heading-title elementor-size-default\">11. Kontakt<\/h2>\t\t\t\t<\/div>\n\t\t\t\t\t<\/div>\n\t\t\t\t<\/div>\n\t\t<div class=\"elementor-element elementor-element-456f118 e-flex e-con-boxed e-con e-parent\" data-id=\"456f118\" data-element_type=\"container\" data-e-type=\"container\">\n\t\t\t\t\t<div class=\"e-con-inner\">\n\t\t\t\t<div class=\"elementor-element elementor-element-91d4eb8 elementor-widget elementor-widget-text-editor\" data-id=\"91d4eb8\" data-element_type=\"widget\" data-e-type=\"widget\" data-widget_type=\"text-editor.default\">\n\t\t\t\t\t\t\t\t\t<p class=\"translation-block\">Wenn Sie Fragen oder Bedenken zu diesen Bedingungen haben, k\u00f6nnen Sie uns unter folgender Adresse erreichen:<br><span style=\"text-decoration: underline\"><strong>contact@agadircarsrental.com<\/strong><\/span><\/p>\t\t\t\t\t\t\t\t<\/div>\n\t\t\t\t\t<\/div>\n\t\t\t\t<\/div>\n\t\t<div class=\"elementor-element elementor-element-0f1185e e-flex e-con-boxed e-con e-parent\" data-id=\"0f1185e\" data-element_type=\"container\" data-e-type=\"container\">\n\t\t\t\t\t<div class=\"e-con-inner\">\n\t\t\t\t<div class=\"elementor-element elementor-element-d73f560 elementor-widget elementor-widget-html\" data-id=\"d73f560\" data-element_type=\"widget\" data-e-type=\"widget\" data-widget_type=\"html.default\">\n\t\t\t\t\t<a href=\"https:\/\/agadircarsrental.com\/de\/\" class=\"brand-badge\">\r\n  <img decoding=\"async\" src=\"https:\/\/agadircarsrental.com\/wp-content\/uploads\/2025\/08\/RideOn-Car-Rental-AGADIR-4.webp\" alt=\"RideOn Logo\">\r\n<\/a>\r\n\r\n<style>\r\n.brand-badge {\r\n  display: inline-flex;\r\n  align-items: center;\r\n  background: #ad2184;\r\n  padding: 7px 16px;\r\n  border-radius: 30px;\r\n  box-shadow: 0 3px 10px rgba(0,0,0,0.15);\r\n  text-decoration: none;\r\n  transition: background 0.3s ease, color 0.3s ease;\r\n}\r\n\r\n.brand-badge:hover {\r\n  background: #c29b4e;\r\n  color: #370a34;\r\n}\r\n\r\n.brand-badge img {\r\n  height: 28px;\r\n  width: auto;\r\n  object-fit: contain;\r\n}\r\n<\/style>\t\t\t\t<\/div>\n\t\t\t\t\t<\/div>\n\t\t\t\t<\/div>\n\t\t\t\t<\/div>","protected":false},"excerpt":{"rendered":"<p>Terms of Use Welcome to RideOn. These Terms of Use (\u201cTerms\u201d) govern your access to and use of our website, agadircarsrental.com. By using this site, you agree to be bound by these Terms. If you do not agree, please do not use the website. 1. Use of the Website You agree to use this website [&hellip;]<\/p>","protected":false},"author":1,"featured_media":0,"parent":0,"menu_order":0,"comment_status":"closed","ping_status":"closed","template":"","meta":{"_monsterinsights_skip_tracking":false,"_monsterinsights_sitenote_active":false,"_monsterinsights_sitenote_note":"","_monsterinsights_sitenote_category":0,"footnotes":""},"class_list":["post-500","page","type-page","status-publish","hentry"],"_links":{"self":[{"href":"https:\/\/agadircarsrental.com\/de\/wp-json\/wp\/v2\/pages\/500","targetHints":{"allow":["GET"]}}],"collection":[{"href":"https:\/\/agadircarsrental.com\/de\/wp-json\/wp\/v2\/pages"}],"about":[{"href":"https:\/\/agadircarsrental.com\/de\/wp-json\/wp\/v2\/types\/page"}],"author":[{"embeddable":true,"href":"https:\/\/agadircarsrental.com\/de\/wp-json\/wp\/v2\/users\/1"}],"replies":[{"embeddable":true,"href":"https:\/\/agadircarsrental.com\/de\/wp-json\/wp\/v2\/comments?post=500"}],"version-history":[{"count":28,"href":"https:\/\/agadircarsrental.com\/de\/wp-json\/wp\/v2\/pages\/500\/revisions"}],"predecessor-version":[{"id":1923,"href":"https:\/\/agadircarsrental.com\/de\/wp-json\/wp\/v2\/pages\/500\/revisions\/1923"}],"wp:attachment":[{"href":"https:\/\/agadircarsrental.com\/de\/wp-json\/wp\/v2\/media?parent=500"}],"curies":[{"name":"wp","href":"https:\/\/api.w.org\/{rel}","templated":true}]}}