{"id":3,"date":"2025-08-25T15:29:55","date_gmt":"2025-08-25T15:29:55","guid":{"rendered":"https:\/\/agadircarsrental.com\/?page_id=3"},"modified":"2026-04-12T14:32:41","modified_gmt":"2026-04-12T14:32:41","slug":"privacy-policy","status":"publish","type":"page","link":"https:\/\/agadircarsrental.com\/de\/privacy-policy\/","title":{"rendered":"Datenschutzerkl\u00e4rung"},"content":{"rendered":"<div data-elementor-type=\"wp-page\" data-elementor-id=\"3\" class=\"elementor elementor-3\" data-elementor-post-type=\"page\">\n\t\t\t\t<div class=\"elementor-element elementor-element-463f067 e-flex e-con-boxed e-con e-parent\" data-id=\"463f067\" data-element_type=\"container\" data-e-type=\"container\">\n\t\t\t\t\t<div class=\"e-con-inner\">\n\t\t\t\t<div class=\"elementor-element elementor-element-96be302 elementor-widget elementor-widget-spacer\" data-id=\"96be302\" data-element_type=\"widget\" data-e-type=\"widget\" data-widget_type=\"spacer.default\">\n\t\t\t\t\t\t\t<div class=\"elementor-spacer\">\n\t\t\t<div class=\"elementor-spacer-inner\"><\/div>\n\t\t<\/div>\n\t\t\t\t\t\t<\/div>\n\t\t\t\t\t<\/div>\n\t\t\t\t<\/div>\n\t\t<div class=\"elementor-element elementor-element-97b3968 e-flex e-con-boxed e-con e-parent\" data-id=\"97b3968\" data-element_type=\"container\" data-e-type=\"container\">\n\t\t\t\t\t<div class=\"e-con-inner\">\n\t\t<div class=\"elementor-element elementor-element-06c2b67 e-con-full e-flex e-con e-child\" data-id=\"06c2b67\" data-element_type=\"container\" data-e-type=\"container\" data-settings=\"{&quot;background_background&quot;:&quot;slideshow&quot;,&quot;background_slideshow_gallery&quot;:[{&quot;id&quot;:377,&quot;url&quot;:&quot;https:\\\/\\\/agadircarsrental.com\\\/wp-content\\\/uploads\\\/2025\\\/08\\\/banner-all-pages.png&quot;}],&quot;background_slideshow_loop&quot;:&quot;yes&quot;,&quot;background_slideshow_slide_duration&quot;:5000,&quot;background_slideshow_slide_transition&quot;:&quot;fade&quot;,&quot;background_slideshow_transition_duration&quot;:500}\">\n\t\t\t\t<div class=\"elementor-element elementor-element-9ad8f46 elementor-widget elementor-widget-heading\" data-id=\"9ad8f46\" data-element_type=\"widget\" data-e-type=\"widget\" data-widget_type=\"heading.default\">\n\t\t\t\t\t<h2 class=\"elementor-heading-title elementor-size-default\">Datenschutzerkl\u00e4rung<\/h2>\t\t\t\t<\/div>\n\t\t\t\t<\/div>\n\t\t\t\t\t<\/div>\n\t\t\t\t<\/div>\n\t\t<div class=\"elementor-element elementor-element-e17116f e-flex e-con-boxed e-con e-parent\" data-id=\"e17116f\" data-element_type=\"container\" data-e-type=\"container\">\n\t\t\t\t\t<div class=\"e-con-inner\">\n\t\t\t\t<div class=\"elementor-element elementor-element-c61fe75 elementor-widget elementor-widget-text-editor\" data-id=\"c61fe75\" data-element_type=\"widget\" data-e-type=\"widget\" data-widget_type=\"text-editor.default\">\n\t\t\t\t\t\t\t\t\t<p data-start=\"466\" data-end=\"819\" class=\"translation-block\">Bei <strong data-start=\"\u201e469\u201c\" data-end=\"\u201e479\u201c\">RideOn<\/strong> respektieren und sch\u00fctzen wir Ihre Privatsph\u00e4re. Diese Datenschutzerkl\u00e4rung erl\u00e4utert, wie Ihre personenbezogenen Daten erfasst, verwendet und gesch\u00fctzt werden, wenn Sie <strong data-start=\"\u201a635\u2018\" data-end=\"\u201e659\u201c\">agadircarsrental.com<\/strong> besuchen oder nutzen. Durch das Durchsuchen oder Buchen einer Dienstleistung bei uns (wie z. B. <em data-start=\"\u201e711\u201c\" data-end=\"\u201e730\u201c\">Autovermietung Agadir<\/em> oder <em data-start=\"\u201a734\u2018\" data-end=\"\u201e762\u201c\">Autovermietung am Flughafen Agadir<\/em>) erkl\u00e4ren Sie sich mit den in dieser Erkl\u00e4rung beschriebenen Praktiken einverstanden.<\/p>\t\t\t\t\t\t\t\t<\/div>\n\t\t\t\t\t<\/div>\n\t\t\t\t<\/div>\n\t\t<div class=\"elementor-element elementor-element-1163c9e e-flex e-con-boxed e-con e-parent\" data-id=\"1163c9e\" data-element_type=\"container\" data-e-type=\"container\">\n\t\t\t\t\t<div class=\"e-con-inner\">\n\t\t\t\t<div class=\"elementor-element elementor-element-0962b52 elementor-widget elementor-widget-heading\" data-id=\"0962b52\" data-element_type=\"widget\" data-e-type=\"widget\" data-widget_type=\"heading.default\">\n\t\t\t\t\t<h2 class=\"elementor-heading-title elementor-size-default\">1. Von uns erfasste Informationen<\/h2>\t\t\t\t<\/div>\n\t\t\t\t\t<\/div>\n\t\t\t\t<\/div>\n\t\t<div class=\"elementor-element elementor-element-e81ca8c e-flex e-con-boxed e-con e-parent\" data-id=\"e81ca8c\" data-element_type=\"container\" data-e-type=\"container\">\n\t\t\t\t\t<div class=\"e-con-inner\">\n\t\t\t\t<div class=\"elementor-element elementor-element-a1a8e64 elementor-widget elementor-widget-text-editor\" data-id=\"a1a8e64\" data-element_type=\"widget\" data-e-type=\"widget\" data-widget_type=\"text-editor.default\">\n\t\t\t\t\t\t\t\t\t<p data-start=\"853\" data-end=\"919\">Bei der Nutzung unserer Website k\u00f6nnen wir folgende Informationen erfassen:<\/p><ul data-start=\"920\" data-end=\"1392\"><li data-start=\"920\" data-end=\"1071\"><p data-start=\"922\" data-end=\"1071\" class=\"translation-block\"><strong data-start=\"\u201e922\u201c\" data-end=\"\u201e945\u201c\">Kontaktdaten<\/strong>: wie Ihr vollst\u00e4ndiger Name, Ihre E-Mail-Adresse und Ihre Telefonnummer, insbesondere wenn Sie eine Buchung vornehmen oder ein Anfrageformular ausf\u00fcllen.<\/p><\/li><li data-start=\"1072\" data-end=\"1209\"><p data-start=\"1074\" data-end=\"1209\" class=\"translation-block\"><strong data-start=\"\u201e1074\u201c\" data-end=\"\u201e1093\u201c\">Buchungsdetails<\/strong>: einschlie\u00dflich Reisedaten, Fahrzeugtyp, Abhol- und R\u00fcckgabeort (z. B. <em data-start=\"\u201a1170\u2018\" data-end=\"\u201e1205\u201c\">Mietwagen Agadir Flughafen Marokko<\/em>).<\/p><\/li><li data-start=\"1210\" data-end=\"1310\"><p data-start=\"1212\" data-end=\"1310\" class=\"translation-block\"><strong data-start=\"\u201e\u00ab\u201c\" data-end=\"\u201e\u00ab\u201c\">Technische Daten<\/strong>: IP-Adresse, Browsertyp, aufgerufene Seiten und Cookies zur Leistungsverbesserung.<\/p><\/li><li data-start=\"1311\" data-end=\"1392\"><p data-start=\"1313\" data-end=\"1392\" class=\"translation-block\"><strong data-start=\"\u201e1313\u201c\" data-end=\"\u201e1335\u201c\">Kommunikationsdaten<\/strong>: Nachrichten und Korrespondenz, wenn Sie sich an uns wenden.<\/p><\/li><\/ul><p data-start=\"1394\" data-end=\"1469\">Wir sammeln wissentlich keine Informationen von Kindern unter 13 Jahren.<\/p>\t\t\t\t\t\t\t\t<\/div>\n\t\t\t\t\t<\/div>\n\t\t\t\t<\/div>\n\t\t<div class=\"elementor-element elementor-element-52530bb e-flex e-con-boxed e-con e-parent\" data-id=\"52530bb\" data-element_type=\"container\" data-e-type=\"container\">\n\t\t\t\t\t<div class=\"e-con-inner\">\n\t\t\t\t<div class=\"elementor-element elementor-element-b5b1641 elementor-widget elementor-widget-heading\" data-id=\"b5b1641\" data-element_type=\"widget\" data-e-type=\"widget\" data-widget_type=\"heading.default\">\n\t\t\t\t\t<h2 class=\"elementor-heading-title elementor-size-default\">2. Wie wir Ihre Daten verwenden<\/h2>\t\t\t\t<\/div>\n\t\t\t\t\t<\/div>\n\t\t\t\t<\/div>\n\t\t<div class=\"elementor-element elementor-element-0fdefbd e-flex e-con-boxed e-con e-parent\" data-id=\"0fdefbd\" data-element_type=\"container\" data-e-type=\"container\">\n\t\t\t\t\t<div class=\"e-con-inner\">\n\t\t\t\t<div class=\"elementor-element elementor-element-22f0293 elementor-widget elementor-widget-text-editor\" data-id=\"22f0293\" data-element_type=\"widget\" data-e-type=\"widget\" data-widget_type=\"text-editor.default\">\n\t\t\t\t\t\t\t\t\t<p data-start=\"1508\" data-end=\"1581\">Ihre personenbezogenen Daten werden ausschlie\u00dflich f\u00fcr legitime Zwecke verwendet, darunter:<\/p><ul data-start=\"1582\" data-end=\"1943\"><li data-start=\"1582\" data-end=\"1656\"><p data-start=\"1584\" data-end=\"1656\" class=\"translation-block\">Verwalten und Best\u00e4tigen Ihrer <em data-start=\"\u201e1613\u201c\" data-end=\"\u201e1635\u201c\">Autovermietung in Agadir<\/em> oder anderer Buchungen.<\/p><\/li><li data-start=\"1657\" data-end=\"1726\"><p data-start=\"1659\" data-end=\"1726\">Beantwortung von Fragen oder Anfragen \u00fcber unsere Kontaktkan\u00e4le.<\/p><\/li><li data-start=\"1727\" data-end=\"1804\"><p data-start=\"1729\" data-end=\"1804\">Enhancing the design, content, and usability of <strong data-start=\"1777\" data-end=\"1801\">agadircarsrental.com<\/strong>.<\/p><\/li><li data-start=\"1805\" data-end=\"1879\"><p data-start=\"1807\" data-end=\"1879\">Versenden von Updates, Angeboten oder Werbe-E-Mails (sofern Sie sich daf\u00fcr angemeldet haben).<\/p><\/li><li data-start=\"1880\" data-end=\"1943\"><p data-start=\"1882\" data-end=\"1943\">Schutz vor Betrug, Missbrauch oder unbefugten Aktivit\u00e4ten.<\/p><\/li><\/ul><p data-start=\"1945\" data-end=\"2010\">Wir werden Ihre personenbezogenen Daten niemals an Dritte verkaufen oder vermieten.<\/p>\t\t\t\t\t\t\t\t<\/div>\n\t\t\t\t\t<\/div>\n\t\t\t\t<\/div>\n\t\t<div class=\"elementor-element elementor-element-f21cdde e-flex e-con-boxed e-con e-parent\" data-id=\"f21cdde\" data-element_type=\"container\" data-e-type=\"container\">\n\t\t\t\t\t<div class=\"e-con-inner\">\n\t\t\t\t<div class=\"elementor-element elementor-element-573287a elementor-widget elementor-widget-heading\" data-id=\"573287a\" data-element_type=\"widget\" data-e-type=\"widget\" data-widget_type=\"heading.default\">\n\t\t\t\t\t<h2 class=\"elementor-heading-title elementor-size-default\">3. Weitergabe von Informationen<\/h2>\t\t\t\t<\/div>\n\t\t\t\t\t<\/div>\n\t\t\t\t<\/div>\n\t\t<div class=\"elementor-element elementor-element-c6482cc e-flex e-con-boxed e-con e-parent\" data-id=\"c6482cc\" data-element_type=\"container\" data-e-type=\"container\">\n\t\t\t\t\t<div class=\"e-con-inner\">\n\t\t\t\t<div class=\"elementor-element elementor-element-a56cfc6 elementor-widget elementor-widget-text-editor\" data-id=\"a56cfc6\" data-element_type=\"widget\" data-e-type=\"widget\" data-widget_type=\"text-editor.default\">\n\t\t\t\t\t\t\t\t\t<p data-start=\"2044\" data-end=\"2093\">Ihre Daten d\u00fcrfen nur in bestimmten F\u00e4llen weitergegeben werden:<\/p><ul data-start=\"2094\" data-end=\"2335\"><li data-start=\"2094\" data-end=\"2196\"><p data-start=\"2096\" data-end=\"2196\">Mit vertrauensw\u00fcrdigen Anbietern, die unsere Gesch\u00e4ftst\u00e4tigkeit unterst\u00fctzen, wie Zahlungsabwickler oder Buchungspartner.<\/p><\/li><li data-start=\"2197\" data-end=\"2271\"><p data-start=\"2199\" data-end=\"2271\">Wenn dies gesetzlich vorgeschrieben ist, beispielsweise bei der Beantwortung von Anfragen von Justizbeh\u00f6rden.<\/p><\/li><li data-start=\"2272\" data-end=\"2335\"><p data-start=\"2274\" data-end=\"2335\">Bei einer Unternehmens\u00fcbertragung wie einer Fusion oder \u00dcbernahme.<\/p><\/li><\/ul><p data-start=\"2337\" data-end=\"2426\">Alle Partner sind zur Vertraulichkeit verpflichtet und d\u00fcrfen Ihre Daten nur gem\u00e4\u00df den Anweisungen verarbeiten.<\/p>\t\t\t\t\t\t\t\t<\/div>\n\t\t\t\t\t<\/div>\n\t\t\t\t<\/div>\n\t\t<div class=\"elementor-element elementor-element-8fa4f69 e-flex e-con-boxed e-con e-parent\" data-id=\"8fa4f69\" data-element_type=\"container\" data-e-type=\"container\">\n\t\t\t\t\t<div class=\"e-con-inner\">\n\t\t\t\t<div class=\"elementor-element elementor-element-e126d3f elementor-widget elementor-widget-heading\" data-id=\"e126d3f\" data-element_type=\"widget\" data-e-type=\"widget\" data-widget_type=\"heading.default\">\n\t\t\t\t\t<h2 class=\"elementor-heading-title elementor-size-default\">4. Cookies und Tracking-Technologien<\/h2>\t\t\t\t<\/div>\n\t\t\t\t\t<\/div>\n\t\t\t\t<\/div>\n\t\t<div class=\"elementor-element elementor-element-526c8c7 e-flex e-con-boxed e-con e-parent\" data-id=\"526c8c7\" data-element_type=\"container\" data-e-type=\"container\">\n\t\t\t\t\t<div class=\"e-con-inner\">\n\t\t\t\t<div class=\"elementor-element elementor-element-05ed736 elementor-widget elementor-widget-text-editor\" data-id=\"05ed736\" data-element_type=\"widget\" data-e-type=\"widget\" data-widget_type=\"text-editor.default\">\n\t\t\t\t\t\t\t\t\t<p data-start=\"2469\" data-end=\"2512\" class=\"translation-block\"><strong data-start=\"\u201e2469\u201c\" data-end=\"\u201e2493\u201c\">agadircarsrental.com<\/strong> verwendet Cookies, um:<\/p><ul data-start=\"2513\" data-end=\"2668\"><li data-start=\"2513\" data-end=\"2551\"><p data-start=\"2515\" data-end=\"2551\">Merken Sie sich Ihre Buchungspr\u00e4ferenzen.<\/p><\/li><li data-start=\"2552\" data-end=\"2622\"><p data-start=\"2554\" data-end=\"2622\" class=\"translation-block\">Analysieren Sie die Verkehrsmuster f\u00fcr Suchanfragen nach \u201eAutovermietung Agadir Marokko\u201c.<\/p><\/li><li data-start=\"2623\" data-end=\"2668\"><p data-start=\"2625\" data-end=\"2668\">Verbessern Sie Ihr gesamtes Surferlebnis.<\/p><\/li><\/ul><p data-start=\"2670\" data-end=\"2812\" class=\"translation-block\">Sie k\u00f6nnen Cookies \u00fcber Ihren Browser deaktivieren, jedoch funktionieren dann einige Funktionen (wie die Buchung eines <em data-start=\"\u201e2751\u201c\" data-end=\"\u201e2778\u201c\">Mietwagens am Flughafen Agadir<\/em>) m\u00f6glicherweise nicht mehr ordnungsgem\u00e4\u00df.<\/p>\t\t\t\t\t\t\t\t<\/div>\n\t\t\t\t\t<\/div>\n\t\t\t\t<\/div>\n\t\t<div class=\"elementor-element elementor-element-8b51af1 e-flex e-con-boxed e-con e-parent\" data-id=\"8b51af1\" data-element_type=\"container\" data-e-type=\"container\">\n\t\t\t\t\t<div class=\"e-con-inner\">\n\t\t\t\t<div class=\"elementor-element elementor-element-041620a elementor-widget elementor-widget-heading\" data-id=\"041620a\" data-element_type=\"widget\" data-e-type=\"widget\" data-widget_type=\"heading.default\">\n\t\t\t\t\t<h2 class=\"elementor-heading-title elementor-size-default\">5. Datensicherheit<\/h2>\t\t\t\t<\/div>\n\t\t\t\t\t<\/div>\n\t\t\t\t<\/div>\n\t\t<div class=\"elementor-element elementor-element-1470695 e-flex e-con-boxed e-con e-parent\" data-id=\"1470695\" data-element_type=\"container\" data-e-type=\"container\">\n\t\t\t\t\t<div class=\"e-con-inner\">\n\t\t\t\t<div class=\"elementor-element elementor-element-bfc9fb5 elementor-widget elementor-widget-text-editor\" data-id=\"bfc9fb5\" data-element_type=\"widget\" data-e-type=\"widget\" data-widget_type=\"text-editor.default\">\n\t\t\t\t\t\t\t\t\t<p data-start=\"2837\" data-end=\"3041\">Wir setzen geeignete Sicherheitsma\u00dfnahmen ein, um Ihre personenbezogenen Daten vor unbefugtem Zugriff, Ver\u00e4nderung oder Missbrauch zu sch\u00fctzen. Wie bei allen Internetdiensten kann jedoch keine absolute Sicherheit garantiert werden.<\/p><h3 data-start=\"3043\" data-end=\"3063\">\u00a0<\/h3>\t\t\t\t\t\t\t\t<\/div>\n\t\t\t\t\t<\/div>\n\t\t\t\t<\/div>\n\t\t<div class=\"elementor-element elementor-element-15936e5 e-flex e-con-boxed e-con e-parent\" data-id=\"15936e5\" data-element_type=\"container\" data-e-type=\"container\">\n\t\t\t\t\t<div class=\"e-con-inner\">\n\t\t\t\t<div class=\"elementor-element elementor-element-ed634e8 elementor-widget elementor-widget-heading\" data-id=\"ed634e8\" data-element_type=\"widget\" data-e-type=\"widget\" data-widget_type=\"heading.default\">\n\t\t\t\t\t<h2 class=\"elementor-heading-title elementor-size-default\">6. Ihre Rechte<\/h2>\t\t\t\t<\/div>\n\t\t\t\t\t<\/div>\n\t\t\t\t<\/div>\n\t\t<div class=\"elementor-element elementor-element-31acad9 e-flex e-con-boxed e-con e-parent\" data-id=\"31acad9\" data-element_type=\"container\" data-e-type=\"container\">\n\t\t\t\t\t<div class=\"e-con-inner\">\n\t\t\t\t<div class=\"elementor-element elementor-element-6274f57 elementor-widget elementor-widget-text-editor\" data-id=\"6274f57\" data-element_type=\"widget\" data-e-type=\"widget\" data-widget_type=\"text-editor.default\">\n\t\t\t\t\t\t\t\t\t<p data-start=\"3064\" data-end=\"3120\">Je nach den \u00f6rtlichen Vorschriften haben Sie das Recht:<\/p><ul data-start=\"3121\" data-end=\"3327\"><li data-start=\"3121\" data-end=\"3168\"><p data-start=\"3123\" data-end=\"3168\">Greifen Sie auf die personenbezogenen Daten zu, die wir \u00fcber Sie gespeichert haben.<\/p><\/li><li data-start=\"3169\" data-end=\"3224\"><p data-start=\"3171\" data-end=\"3224\">Beantragen Sie Korrekturen oder Aktualisierungen Ihrer Daten.<\/p><\/li><li data-start=\"3225\" data-end=\"3276\"><p data-start=\"3227\" data-end=\"3276\">Beantragen Sie gegebenenfalls die L\u00f6schung Ihrer Daten.<\/p><\/li><li data-start=\"3277\" data-end=\"3327\"><p data-start=\"3279\" data-end=\"3327\">Widerruf der Einwilligung f\u00fcr Marketingmitteilungen.<\/p><\/li><\/ul><p data-start=\"3329\" data-end=\"3410\" class=\"translation-block\">Um Ihre Rechte auszu\u00fcben, kontaktieren Sie uns bitte unter <strong data-start=\"\u201e3375\u201c\" data-end=\"\u201e3407\u201c\"><a class=\"decorated-link cursor-pointer\" rel=\"noopener\" data-start=\"\u201a3377\u2018\" data-end=\"\u201e3405\u201c\" target=\"_self\">contact@agadircarsrental.com<\/a><\/strong>.<\/p>\t\t\t\t\t\t\t\t<\/div>\n\t\t\t\t\t<\/div>\n\t\t\t\t<\/div>\n\t\t<div class=\"elementor-element elementor-element-12dad23 e-flex e-con-boxed e-con e-parent\" data-id=\"12dad23\" data-element_type=\"container\" data-e-type=\"container\">\n\t\t\t\t\t<div class=\"e-con-inner\">\n\t\t\t\t<div class=\"elementor-element elementor-element-d1874d6 elementor-widget elementor-widget-heading\" data-id=\"d1874d6\" data-element_type=\"widget\" data-e-type=\"widget\" data-widget_type=\"heading.default\">\n\t\t\t\t\t<h2 class=\"elementor-heading-title elementor-size-default\">7. Links zu Websites Dritter<\/h2>\t\t\t\t<\/div>\n\t\t\t\t\t<\/div>\n\t\t\t\t<\/div>\n\t\t<div class=\"elementor-element elementor-element-8269fc8 e-flex e-con-boxed e-con e-parent\" data-id=\"8269fc8\" data-element_type=\"container\" data-e-type=\"container\">\n\t\t\t\t\t<div class=\"e-con-inner\">\n\t\t\t\t<div class=\"elementor-element elementor-element-05a062a elementor-widget elementor-widget-text-editor\" data-id=\"05a062a\" data-element_type=\"widget\" data-e-type=\"widget\" data-widget_type=\"text-editor.default\">\n\t\t\t\t\t\t\t\t\t<p data-start=\"3439\" data-end=\"3657\" class=\"translation-block\">Unsere Website kann Links zu externen Websites enthalten, beispielsweise zu Reiseanbietern oder Partnern. <strong data-start=\"\u201e3523\u201c\" data-end=\"\u201e3533\u201c\">RideOn<\/strong> ist nicht f\u00fcr deren Datenschutzpraktiken verantwortlich. Wir empfehlen Ihnen, deren Richtlinien zu \u00fcberpr\u00fcfen, bevor Sie Informationen weitergeben.<\/p><h3 data-start=\"3659\" data-end=\"3690\">\u00a0<\/h3>\t\t\t\t\t\t\t\t<\/div>\n\t\t\t\t\t<\/div>\n\t\t\t\t<\/div>\n\t\t<div class=\"elementor-element elementor-element-591a471 e-flex e-con-boxed e-con e-parent\" data-id=\"591a471\" data-element_type=\"container\" data-e-type=\"container\">\n\t\t\t\t\t<div class=\"e-con-inner\">\n\t\t\t\t<div class=\"elementor-element elementor-element-b081dd4 elementor-widget elementor-widget-heading\" data-id=\"b081dd4\" data-element_type=\"widget\" data-e-type=\"widget\" data-widget_type=\"heading.default\">\n\t\t\t\t\t<h2 class=\"elementor-heading-title elementor-size-default\">8. Aktualisierungen dieser Richtlinie<\/h2>\t\t\t\t<\/div>\n\t\t\t\t\t<\/div>\n\t\t\t\t<\/div>\n\t\t<div class=\"elementor-element elementor-element-a186e29 e-flex e-con-boxed e-con e-parent\" data-id=\"a186e29\" data-element_type=\"container\" data-e-type=\"container\">\n\t\t\t\t\t<div class=\"e-con-inner\">\n\t\t\t\t<div class=\"elementor-element elementor-element-d4aa3b8 elementor-widget elementor-widget-text-editor\" data-id=\"d4aa3b8\" data-element_type=\"widget\" data-e-type=\"widget\" data-widget_type=\"text-editor.default\">\n\t\t\t\t\t\t\t\t\t<p data-start=\"3691\" data-end=\"3895\">Diese Datenschutzerkl\u00e4rung kann regelm\u00e4\u00dfig aktualisiert werden. Alle \u00c4nderungen werden auf dieser Seite mit einem \u00fcberarbeiteten Datum des Inkrafttretens ver\u00f6ffentlicht. Die fortgesetzte Nutzung der Website nach \u00c4nderungen gilt als Zustimmung zu den aktualisierten Bedingungen.<\/p><h3 data-start=\"3897\" data-end=\"3916\">\u00a0<\/h3>\t\t\t\t\t\t\t\t<\/div>\n\t\t\t\t\t<\/div>\n\t\t\t\t<\/div>\n\t\t<div class=\"elementor-element elementor-element-ef5d2fa e-flex e-con-boxed e-con e-parent\" data-id=\"ef5d2fa\" data-element_type=\"container\" data-e-type=\"container\">\n\t\t\t\t\t<div class=\"e-con-inner\">\n\t\t\t\t<div class=\"elementor-element elementor-element-beaa1f4 elementor-widget elementor-widget-heading\" data-id=\"beaa1f4\" data-element_type=\"widget\" data-e-type=\"widget\" data-widget_type=\"heading.default\">\n\t\t\t\t\t<h2 class=\"elementor-heading-title elementor-size-default\">9. Kontakt<\/h2>\t\t\t\t<\/div>\n\t\t\t\t\t<\/div>\n\t\t\t\t<\/div>\n\t\t<div class=\"elementor-element elementor-element-83fe27a e-flex e-con-boxed e-con e-parent\" data-id=\"83fe27a\" data-element_type=\"container\" data-e-type=\"container\">\n\t\t\t\t\t<div class=\"e-con-inner\">\n\t\t\t\t<div class=\"elementor-element elementor-element-485c54e elementor-widget elementor-widget-text-editor\" data-id=\"485c54e\" data-element_type=\"widget\" data-e-type=\"widget\" data-widget_type=\"text-editor.default\">\n\t\t\t\t\t\t\t\t\t<p data-start=\"3917\" data-end=\"4033\" class=\"translation-block\">Wenn Sie Fragen oder Bedenken zu dieser Datenschutzerkl\u00e4rung oder zum Umgang mit Ihren Daten haben, wenden Sie sich bitte an uns:<br>E-Mail: <strong data-start=\"\u201e4045\u201c\" data-end=\"\u201e4077\u201c\"><a class=\"decorated-link cursor-pointer\" rel=\"noopener\" data-start=\"\u201a4047\u2018\" data-end=\"\u201e4075\u201c\" target=\"_self\">contact@agadircarsrental.com<\/a><\/strong><\/p>\t\t\t\t\t\t\t\t<\/div>\n\t\t\t\t\t<\/div>\n\t\t\t\t<\/div>\n\t\t<div class=\"elementor-element elementor-element-3eff6e5 e-flex e-con-boxed e-con e-parent\" data-id=\"3eff6e5\" data-element_type=\"container\" data-e-type=\"container\">\n\t\t\t\t\t<div class=\"e-con-inner\">\n\t\t\t\t<div class=\"elementor-element elementor-element-4346b17 elementor-widget elementor-widget-html\" data-id=\"4346b17\" data-element_type=\"widget\" data-e-type=\"widget\" data-widget_type=\"html.default\">\n\t\t\t\t\t<a href=\"https:\/\/agadircarsrental.com\/de\/\" class=\"brand-badge\">\r\n  <img decoding=\"async\" src=\"https:\/\/agadircarsrental.com\/wp-content\/uploads\/2025\/08\/RideOn-Car-Rental-AGADIR-4.webp\" alt=\"RideOn Logo\">\r\n<\/a>\r\n\r\n<style>\r\n.brand-badge {\r\n  display: inline-flex;\r\n  align-items: center;\r\n  background: #ad2184;\r\n  padding: 7px 16px;\r\n  border-radius: 30px;\r\n  box-shadow: 0 3px 10px rgba(0,0,0,0.15);\r\n  text-decoration: none;\r\n  transition: background 0.3s ease, color 0.3s ease;\r\n}\r\n\r\n.brand-badge:hover {\r\n  background: #c29b4e;\r\n  color: #370a34;\r\n}\r\n\r\n.brand-badge img {\r\n  height: 28px;\r\n  width: auto;\r\n  object-fit: contain;\r\n}\r\n<\/style>\t\t\t\t<\/div>\n\t\t\t\t\t<\/div>\n\t\t\t\t<\/div>\n\t\t\t\t<\/div>","protected":false},"excerpt":{"rendered":"<p>Privacy Policy At RideOn, we respect and protect your privacy. This Privacy Policy explains how your personal information is collected, used, and safeguarded when you visit or use agadircarsrental.com. By browsing or booking a service with us (such as car rental Agadir or car hire at Agadir airport), you agree to the practices described in [&hellip;]<\/p>","protected":false},"author":1,"featured_media":0,"parent":0,"menu_order":0,"comment_status":"closed","ping_status":"open","template":"","meta":{"_monsterinsights_skip_tracking":false,"_monsterinsights_sitenote_active":false,"_monsterinsights_sitenote_note":"","_monsterinsights_sitenote_category":0,"footnotes":""},"class_list":["post-3","page","type-page","status-publish","hentry"],"_links":{"self":[{"href":"https:\/\/agadircarsrental.com\/de\/wp-json\/wp\/v2\/pages\/3","targetHints":{"allow":["GET"]}}],"collection":[{"href":"https:\/\/agadircarsrental.com\/de\/wp-json\/wp\/v2\/pages"}],"about":[{"href":"https:\/\/agadircarsrental.com\/de\/wp-json\/wp\/v2\/types\/page"}],"author":[{"embeddable":true,"href":"https:\/\/agadircarsrental.com\/de\/wp-json\/wp\/v2\/users\/1"}],"replies":[{"embeddable":true,"href":"https:\/\/agadircarsrental.com\/de\/wp-json\/wp\/v2\/comments?post=3"}],"version-history":[{"count":22,"href":"https:\/\/agadircarsrental.com\/de\/wp-json\/wp\/v2\/pages\/3\/revisions"}],"predecessor-version":[{"id":1926,"href":"https:\/\/agadircarsrental.com\/de\/wp-json\/wp\/v2\/pages\/3\/revisions\/1926"}],"wp:attachment":[{"href":"https:\/\/agadircarsrental.com\/de\/wp-json\/wp\/v2\/media?parent=3"}],"curies":[{"name":"wp","href":"https:\/\/api.w.org\/{rel}","templated":true}]}}